{"id":2798,"date":"2026-04-11T06:54:25","date_gmt":"2026-04-11T06:54:25","guid":{"rendered":"https:\/\/neomasszazs.hu\/?page_id=2798"},"modified":"2026-04-11T07:13:43","modified_gmt":"2026-04-11T07:13:43","slug":"adatkezelesi-tajekoztato","status":"publish","type":"page","link":"https:\/\/neomasszazs.hu\/en\/adatkezelesi-tajekoztato\/","title":{"rendered":"Data processing information"},"content":{"rendered":"<div data-elementor-type=\"wp-page\" data-elementor-id=\"2798\" class=\"elementor elementor-2798\" data-elementor-post-type=\"page\">\n\t\t\t\t<div class=\"elementor-element elementor-element-ae7ac83 e-flex e-con-boxed e-con e-parent\" data-id=\"ae7ac83\" data-element_type=\"container\" data-e-type=\"container\">\n\t\t\t\t\t<div class=\"e-con-inner\">\n\t\t\t\t<div class=\"elementor-element elementor-element-8809dda elementor-widget elementor-widget-heading\" data-id=\"8809dda\" data-element_type=\"widget\" data-e-type=\"widget\" data-widget_type=\"heading.default\">\n\t\t\t\t\t<h2 class=\"elementor-heading-title elementor-size-default\">Data processing information<\/h2>\t\t\t\t<\/div>\n\t\t\t\t<div class=\"elementor-element elementor-element-8bf899b elementor-widget elementor-widget-text-editor\" data-id=\"8bf899b\" data-element_type=\"widget\" data-e-type=\"widget\" data-widget_type=\"text-editor.default\">\n\t\t\t\t\t\t\t\t\t<p><strong>DATA PROCESSING NOTICE<\/strong><\/p><p>This data management notice describes the rules for the processing of personal data processed when using the neomasszazs.hu website.<\/p><ol><li><p>Data controller&#039;s data<\/p><\/li><\/ol><p>Data controller: WebDealPro Ltd.<br \/>Headquarters: 8000 Sz\u00e9kesfeh\u00e9rv\u00e1r, Sarl\u00f3 Street 10. 2\/7.<br \/>Tax number: 32583786-2-07<br \/>Website: <a href=\"https:\/\/neomasszazs.hu\/en\/\">https:\/\/neomasszazs.hu<\/a><br \/>E-mail: <a href=\"mailto:info@neomasszazs.hu\">info@neomasszazs.hu<\/a><\/p><ol start=\"2\"><li><p>Scope of processed data<\/p><\/li><\/ol><p>When using the website, the following data may be processed:<\/p><ul><li><p>name<\/p><\/li><li><p>email address<\/p><\/li><li><p>phone number<\/p><\/li><li><p>IP address<\/p><\/li><li><p>browsing data<\/p><\/li><li><p>appointment booking related data<\/p><\/li><\/ul><ol start=\"3\"><li><p>Purpose of data processing<\/p><\/li><\/ol><p>Personal data may be processed for the following purposes:<\/p><ul><li><p>ensuring contact<\/p><\/li><li><p>appointment management<\/p><\/li><li><p>ensuring the operation of the website<\/p><\/li><li><p>preparing statistical analyses<\/p><\/li><li><p>online marketing and advertising optimization<\/p><\/li><\/ul><ol start=\"4\"><li><p>Legal basis for data processing<\/p><\/li><\/ol><p>The legal basis for data processing is the voluntary consent of the data subject and the legitimate business interest of the data controller.<\/p><ol start=\"5\"><li><p>Data transfer and third-party service providers<\/p><\/li><\/ol><p>During the operation of the website, data may be transferred to the following service providers:<\/p><p>Google LLC \u2013 Google Analytics service (website statistics)<\/p><p>Google LLC \u2013 Google Ads service (management of online advertisements)<\/p><p>Meta Platforms Ireland Ltd. \u2013 Facebook and Instagram services (social media and online advertising)<\/p><p>These service providers may use cookies and other technologies to analyze website usage and for marketing purposes.<\/p><ol start=\"6\"><li><p>Duration of data processing<\/p><\/li><\/ol><p>The data controller processes personal data only for the necessary period of time or for the period specified in the legislation.<\/p><ol start=\"7\"><li><p>Rights of data subjects<\/p><\/li><\/ol><p>Data subjects are entitled to:<\/p><ul><li><p>request information about their processed personal data<\/p><\/li><li><p>to request their correction<\/p><\/li><li><p>request their deletion<\/p><\/li><li><p>request restriction of data processing<\/p><\/li><li><p>to object to data processing<\/p><\/li><\/ul><ol start=\"8\"><li><p>Contact<\/p><\/li><\/ol><p>For questions regarding data management, you can contact us at the following e-mail address:<\/p><p><a href=\"mailto:info@neomasszazs.hu\">info@neomasszazs.hu<\/a><\/p><ol start=\"9\"><li><p>Other provisions<\/p><\/li><\/ol><p>The data controller reserves the right to modify this data management information if necessary.<\/p>\t\t\t\t\t\t\t\t<\/div>\n\t\t\t\t\t<\/div>\n\t\t\t\t<\/div>\n\t\t\t\t<\/div>","protected":false},"excerpt":{"rendered":"<p>Adatkezel\u00e9si t\u00e1j\u00e9koztat\u00f3 ADATKEZEL\u00c9SI T\u00c1J\u00c9KOZTAT\u00d3 A jelen adatkezel\u00e9si t\u00e1j\u00e9koztat\u00f3 a neomasszazs.hu weboldal haszn\u00e1lata sor\u00e1n kezelt szem\u00e9lyes adatok kezel\u00e9s\u00e9nek szab\u00e1lyait ismerteti. Az adatkezel\u0151 adatai Adatkezel\u0151: WebDealPro Kft.Sz\u00e9khely: 8000 Sz\u00e9kesfeh\u00e9rv\u00e1r, Sarl\u00f3 utca 10. 2\/7.Ad\u00f3sz\u00e1m: 32583786-2-07Weboldal: https:\/\/neomasszazs.huE-mail: info@neomasszazs.hu A kezelt adatok k\u00f6re A weboldal haszn\u00e1lata sor\u00e1n az al\u00e1bbi adatok ker\u00fclhetnek kezel\u00e9sre: n\u00e9v e-mail c\u00edm telefonsz\u00e1m IP c\u00edm b\u00f6ng\u00e9sz\u00e9si adatok [&hellip;]<\/p>\n","protected":false},"author":1,"featured_media":0,"parent":0,"menu_order":0,"comment_status":"closed","ping_status":"closed","template":"","meta":{"footnotes":""},"class_list":["post-2798","page","type-page","status-publish","hentry"],"yoast_head":"<!-- This site is optimized with the Yoast SEO Premium plugin v27.3 (Yoast SEO v27.3) - https:\/\/yoast.com\/product\/yoast-seo-premium-wordpress\/ -->\n<title>Adatkezel\u00e9si t\u00e1j\u00e9koztat\u00f3 | Massz\u00e1zs Sz\u00e9kesfeh\u00e9rv\u00e1r \u2013 Neo Massz\u00e1zs<\/title>\n<meta name=\"description\" content=\"Stresszold\u00f3 massz\u00e1zs Sz\u00e9kesfeh\u00e9rv\u00e1ron. Sv\u00e9d massz\u00e1zs, l\u00e1vak\u00f6ves kezel\u00e9s \u00e9s teljes felt\u00f6lt\u0151d\u00e9s. Foglalj id\u0151pontot a Neo Massz\u00e1zsn\u00e1l m\u00e9g ma!\" \/>\n<meta name=\"robots\" content=\"index, follow, max-snippet:-1, max-image-preview:large, max-video-preview:-1\" \/>\n<link rel=\"canonical\" href=\"https:\/\/neomasszazs.hu\/en\/adatkezelesi-tajekoztato\/\" \/>\n<meta property=\"og:locale\" content=\"en_US\" \/>\n<meta property=\"og:type\" content=\"article\" \/>\n<meta property=\"og:title\" content=\"Massz\u00e1zs Sz\u00e9kesfeh\u00e9rv\u00e1ron \u2013 Id\u0151pontfoglal\u00e1s | Neo Massz\u00e1zs\" \/>\n<meta property=\"og:description\" content=\"Stresszes vagy? Foglalj id\u0151pontot massz\u00e1zsra Sz\u00e9kesfeh\u00e9rv\u00e1ron! Sv\u00e9d massz\u00e1zs, l\u00e1vak\u00f6ves kezel\u00e9s \u00e9s teljes felt\u00f6lt\u0151d\u00e9s v\u00e1r r\u00e1d.\" \/>\n<meta property=\"og:url\" content=\"https:\/\/neomasszazs.hu\/en\/adatkezelesi-tajekoztato\/\" \/>\n<meta property=\"og:site_name\" content=\"Neo Massz\u00e1zs\" \/>\n<meta property=\"article:publisher\" content=\"https:\/\/www.facebook.com\/profile.php?id=61578448436189\" \/>\n<meta property=\"article:modified_time\" content=\"2026-04-11T07:13:43+00:00\" \/>\n<meta property=\"og:image\" content=\"https:\/\/neomasszazs.hu\/wp-content\/uploads\/2026\/01\/3132.jpg\" \/>\n\t<meta property=\"og:image:width\" content=\"2000\" \/>\n\t<meta property=\"og:image:height\" content=\"1333\" \/>\n\t<meta property=\"og:image:type\" content=\"image\/jpeg\" \/>\n<meta name=\"twitter:card\" content=\"summary_large_image\" \/>\n<meta name=\"twitter:label1\" content=\"Est. reading time\" \/>\n\t<meta name=\"twitter:data1\" content=\"2 minutes\" \/>\n<script type=\"application\/ld+json\" class=\"yoast-schema-graph\">{\"@context\":\"https:\\\/\\\/schema.org\",\"@graph\":[{\"@type\":\"WebPage\",\"@id\":\"https:\\\/\\\/neomasszazs.hu\\\/adatkezelesi-tajekoztato\\\/\",\"url\":\"https:\\\/\\\/neomasszazs.hu\\\/adatkezelesi-tajekoztato\\\/\",\"name\":\"Adatkezel\u00e9si t\u00e1j\u00e9koztat\u00f3 | Massz\u00e1zs Sz\u00e9kesfeh\u00e9rv\u00e1r \u2013 Neo Massz\u00e1zs\",\"isPartOf\":{\"@id\":\"https:\\\/\\\/neomasszazs.hu\\\/#website\"},\"datePublished\":\"2026-04-11T06:54:25+00:00\",\"dateModified\":\"2026-04-11T07:13:43+00:00\",\"description\":\"Stresszold\u00f3 massz\u00e1zs Sz\u00e9kesfeh\u00e9rv\u00e1ron. Sv\u00e9d massz\u00e1zs, l\u00e1vak\u00f6ves kezel\u00e9s \u00e9s teljes felt\u00f6lt\u0151d\u00e9s. Foglalj id\u0151pontot a Neo Massz\u00e1zsn\u00e1l m\u00e9g ma!\",\"breadcrumb\":{\"@id\":\"https:\\\/\\\/neomasszazs.hu\\\/adatkezelesi-tajekoztato\\\/#breadcrumb\"},\"inLanguage\":\"en-US\",\"potentialAction\":[{\"@type\":\"ReadAction\",\"target\":[\"https:\\\/\\\/neomasszazs.hu\\\/adatkezelesi-tajekoztato\\\/\"]}]},{\"@type\":\"BreadcrumbList\",\"@id\":\"https:\\\/\\\/neomasszazs.hu\\\/adatkezelesi-tajekoztato\\\/#breadcrumb\",\"itemListElement\":[{\"@type\":\"ListItem\",\"position\":1,\"name\":\"Home\",\"item\":\"https:\\\/\\\/neomasszazs.hu\\\/\"},{\"@type\":\"ListItem\",\"position\":2,\"name\":\"Adatkezel\u00e9si t\u00e1j\u00e9koztat\u00f3\"}]},{\"@type\":\"WebSite\",\"@id\":\"https:\\\/\\\/neomasszazs.hu\\\/#website\",\"url\":\"https:\\\/\\\/neomasszazs.hu\\\/\",\"name\":\"NeoMassz\u00e1zs\",\"description\":\"L\u00e9pj ki a m\u00e1trixb\u00f3l!\",\"publisher\":{\"@id\":\"https:\\\/\\\/neomasszazs.hu\\\/#organization\"},\"potentialAction\":[{\"@type\":\"SearchAction\",\"target\":{\"@type\":\"EntryPoint\",\"urlTemplate\":\"https:\\\/\\\/neomasszazs.hu\\\/?s={search_term_string}\"},\"query-input\":{\"@type\":\"PropertyValueSpecification\",\"valueRequired\":true,\"valueName\":\"search_term_string\"}}],\"inLanguage\":\"en-US\"},{\"@type\":\"Organization\",\"@id\":\"https:\\\/\\\/neomasszazs.hu\\\/#organization\",\"name\":\"NeoMassz\u00e1zs\",\"url\":\"https:\\\/\\\/neomasszazs.hu\\\/\",\"logo\":{\"@type\":\"ImageObject\",\"inLanguage\":\"en-US\",\"@id\":\"https:\\\/\\\/neomasszazs.hu\\\/#\\\/schema\\\/logo\\\/image\\\/\",\"url\":\"https:\\\/\\\/neomasszazs.hu\\\/wp-content\\\/uploads\\\/2026\\\/03\\\/cropped-cropped-logo-uj.png\",\"contentUrl\":\"https:\\\/\\\/neomasszazs.hu\\\/wp-content\\\/uploads\\\/2026\\\/03\\\/cropped-cropped-logo-uj.png\",\"width\":511,\"height\":448,\"caption\":\"NeoMassz\u00e1zs\"},\"image\":{\"@id\":\"https:\\\/\\\/neomasszazs.hu\\\/#\\\/schema\\\/logo\\\/image\\\/\"},\"sameAs\":[\"https:\\\/\\\/www.facebook.com\\\/profile.php?id=61578448436189\"]}]}<\/script>\n<!-- \/ Yoast SEO Premium plugin. -->","yoast_head_json":{"title":"Adatkezel\u00e9si t\u00e1j\u00e9koztat\u00f3 | Massz\u00e1zs Sz\u00e9kesfeh\u00e9rv\u00e1r \u2013 Neo Massz\u00e1zs","description":"Stress-relieving massage in Sz\u00e9kesfeh\u00e9rv\u00e1r. Swedish massage, hot stone treatment and complete rejuvenation. Book an appointment at Neo Massage today!","robots":{"index":"index","follow":"follow","max-snippet":"max-snippet:-1","max-image-preview":"max-image-preview:large","max-video-preview":"max-video-preview:-1"},"canonical":"https:\/\/neomasszazs.hu\/en\/adatkezelesi-tajekoztato\/","og_locale":"en_US","og_type":"article","og_title":"Massz\u00e1zs Sz\u00e9kesfeh\u00e9rv\u00e1ron \u2013 Id\u0151pontfoglal\u00e1s | Neo Massz\u00e1zs","og_description":"Stresszes vagy? Foglalj id\u0151pontot massz\u00e1zsra Sz\u00e9kesfeh\u00e9rv\u00e1ron! Sv\u00e9d massz\u00e1zs, l\u00e1vak\u00f6ves kezel\u00e9s \u00e9s teljes felt\u00f6lt\u0151d\u00e9s v\u00e1r r\u00e1d.","og_url":"https:\/\/neomasszazs.hu\/en\/adatkezelesi-tajekoztato\/","og_site_name":"Neo Massz\u00e1zs","article_publisher":"https:\/\/www.facebook.com\/profile.php?id=61578448436189","article_modified_time":"2026-04-11T07:13:43+00:00","og_image":[{"width":2000,"height":1333,"url":"https:\/\/neomasszazs.hu\/wp-content\/uploads\/2026\/01\/3132.jpg","type":"image\/jpeg"}],"twitter_card":"summary_large_image","twitter_misc":{"Est. reading time":"2 minutes"},"schema":{"@context":"https:\/\/schema.org","@graph":[{"@type":"WebPage","@id":"https:\/\/neomasszazs.hu\/adatkezelesi-tajekoztato\/","url":"https:\/\/neomasszazs.hu\/adatkezelesi-tajekoztato\/","name":"Adatkezel\u00e9si t\u00e1j\u00e9koztat\u00f3 | Massz\u00e1zs Sz\u00e9kesfeh\u00e9rv\u00e1r \u2013 Neo Massz\u00e1zs","isPartOf":{"@id":"https:\/\/neomasszazs.hu\/#website"},"datePublished":"2026-04-11T06:54:25+00:00","dateModified":"2026-04-11T07:13:43+00:00","description":"Stress-relieving massage in Sz\u00e9kesfeh\u00e9rv\u00e1r. Swedish massage, hot stone treatment and complete rejuvenation. Book an appointment at Neo Massage today!","breadcrumb":{"@id":"https:\/\/neomasszazs.hu\/adatkezelesi-tajekoztato\/#breadcrumb"},"inLanguage":"en-US","potentialAction":[{"@type":"ReadAction","target":["https:\/\/neomasszazs.hu\/adatkezelesi-tajekoztato\/"]}]},{"@type":"BreadcrumbList","@id":"https:\/\/neomasszazs.hu\/adatkezelesi-tajekoztato\/#breadcrumb","itemListElement":[{"@type":"ListItem","position":1,"name":"Home","item":"https:\/\/neomasszazs.hu\/"},{"@type":"ListItem","position":2,"name":"Adatkezel\u00e9si t\u00e1j\u00e9koztat\u00f3"}]},{"@type":"WebSite","@id":"https:\/\/neomasszazs.hu\/#website","url":"https:\/\/neomasszazs.hu\/","name":"NeoMassage","description":"Get out of the matrix!","publisher":{"@id":"https:\/\/neomasszazs.hu\/#organization"},"potentialAction":[{"@type":"SearchAction","target":{"@type":"EntryPoint","urlTemplate":"https:\/\/neomasszazs.hu\/?s={search_term_string}"},"query-input":{"@type":"PropertyValueSpecification","valueRequired":true,"valueName":"search_term_string"}}],"inLanguage":"en-US"},{"@type":"Organization","@id":"https:\/\/neomasszazs.hu\/#organization","name":"NeoMassage","url":"https:\/\/neomasszazs.hu\/","logo":{"@type":"ImageObject","inLanguage":"en-US","@id":"https:\/\/neomasszazs.hu\/#\/schema\/logo\/image\/","url":"https:\/\/neomasszazs.hu\/wp-content\/uploads\/2026\/03\/cropped-cropped-logo-uj.png","contentUrl":"https:\/\/neomasszazs.hu\/wp-content\/uploads\/2026\/03\/cropped-cropped-logo-uj.png","width":511,"height":448,"caption":"NeoMassz\u00e1zs"},"image":{"@id":"https:\/\/neomasszazs.hu\/#\/schema\/logo\/image\/"},"sameAs":["https:\/\/www.facebook.com\/profile.php?id=61578448436189"]}]}},"_links":{"self":[{"href":"https:\/\/neomasszazs.hu\/en\/wp-json\/wp\/v2\/pages\/2798","targetHints":{"allow":["GET"]}}],"collection":[{"href":"https:\/\/neomasszazs.hu\/en\/wp-json\/wp\/v2\/pages"}],"about":[{"href":"https:\/\/neomasszazs.hu\/en\/wp-json\/wp\/v2\/types\/page"}],"author":[{"embeddable":true,"href":"https:\/\/neomasszazs.hu\/en\/wp-json\/wp\/v2\/users\/1"}],"replies":[{"embeddable":true,"href":"https:\/\/neomasszazs.hu\/en\/wp-json\/wp\/v2\/comments?post=2798"}],"version-history":[{"count":7,"href":"https:\/\/neomasszazs.hu\/en\/wp-json\/wp\/v2\/pages\/2798\/revisions"}],"predecessor-version":[{"id":2816,"href":"https:\/\/neomasszazs.hu\/en\/wp-json\/wp\/v2\/pages\/2798\/revisions\/2816"}],"wp:attachment":[{"href":"https:\/\/neomasszazs.hu\/en\/wp-json\/wp\/v2\/media?parent=2798"}],"curies":[{"name":"wp","href":"https:\/\/api.w.org\/{rel}","templated":true}]}}