{"id":2796,"date":"2026-04-11T06:53:44","date_gmt":"2026-04-11T06:53:44","guid":{"rendered":"https:\/\/neomasszazs.hu\/?page_id=2796"},"modified":"2026-04-11T07:17:15","modified_gmt":"2026-04-11T07:17:15","slug":"impresszum","status":"publish","type":"page","link":"https:\/\/neomasszazs.hu\/en\/impresszum\/","title":{"rendered":"Imprint"},"content":{"rendered":"<div data-elementor-type=\"wp-page\" data-elementor-id=\"2796\" class=\"elementor elementor-2796\" data-elementor-post-type=\"page\">\n\t\t\t\t<div class=\"elementor-element elementor-element-70a3ec5 e-flex e-con-boxed e-con e-parent\" data-id=\"70a3ec5\" data-element_type=\"container\" data-e-type=\"container\">\n\t\t\t\t\t<div class=\"e-con-inner\">\n\t\t\t\t<div class=\"elementor-element elementor-element-f56372e elementor-widget elementor-widget-heading\" data-id=\"f56372e\" data-element_type=\"widget\" data-e-type=\"widget\" data-widget_type=\"heading.default\">\n\t\t\t\t\t<h2 class=\"elementor-heading-title elementor-size-default\">Imprint<\/h2>\t\t\t\t<\/div>\n\t\t\t\t<div class=\"elementor-element elementor-element-4daa1c1 elementor-widget elementor-widget-text-editor\" data-id=\"4daa1c1\" data-element_type=\"widget\" data-e-type=\"widget\" data-widget_type=\"text-editor.default\">\n\t\t\t\t\t\t\t\t\t<p><strong>IMPRINT<\/strong><\/p><p>Service provider name: WebDealPro Limited Liability Company<br \/>Abbreviated name: WebDealPro Kft.<\/p><p>Headquarters:<br \/>8000 Sz\u00e9kesfeh\u00e9rv\u00e1r, Sarl\u00f3 Street 10. 2\/7.<\/p><p>Company registration number:<br \/>07-09-035834<\/p><p>Tax number:<br \/>32583786-2-07<\/p><p>Website:<br \/><a href=\"https:\/\/neomasszazs.hu\/en\/\">https:\/\/neomasszazs.hu<\/a><\/p><p>Service location:<br \/>NeoMassage massage salon<br \/>8000 Sz\u00e9kesfeh\u00e9rv\u00e1r, T\u00e1virda Street 2.<\/p><p>Contact:<br \/>E-mail: <a href=\"mailto:info@neomasszazs.hu\">info@neomasszazs.hu<\/a><\/p><p>Hosting provider:<br \/>Sybell Informatics Ltd.<br \/>Headquarters: 1138 Budapest, Tomori Street 34, 2nd floor<br \/>Website: <a href=\"https:\/\/sybell.hu\/\">https:\/\/sybell.hu<\/a><br \/>E-mail: <a href=\"mailto:hello@sybell.hu\">hello@sybell.hu<\/a><br \/>Phone: +36 1 707 6726<\/p><p>The content on this website is protected by copyright. The website operator reserves all rights to copy and use the content.<\/p>\t\t\t\t\t\t\t\t<\/div>\n\t\t\t\t\t<\/div>\n\t\t\t\t<\/div>\n\t\t\t\t<\/div>","protected":false},"excerpt":{"rendered":"<p>Impresszium IMPRESSZUM Szolg\u00e1ltat\u00f3 neve: WebDealPro Korl\u00e1tolt Felel\u0151ss\u00e9g\u0171 T\u00e1rsas\u00e1gR\u00f6vid\u00edtett n\u00e9v: WebDealPro Kft. Sz\u00e9khely:8000 Sz\u00e9kesfeh\u00e9rv\u00e1r, Sarl\u00f3 utca 10. 2\/7. C\u00e9gjegyz\u00e9ksz\u00e1m:07-09-035834 Ad\u00f3sz\u00e1m:32583786-2-07 Weboldal:https:\/\/neomasszazs.hu Szolg\u00e1ltat\u00e1s helysz\u00edne:NeoMassz\u00e1zs massz\u00e1zsszalon8000 Sz\u00e9kesfeh\u00e9rv\u00e1r, T\u00e1virda utca 2. Kapcsolat:E-mail: info@neomasszazs.hu T\u00e1rhelyszolg\u00e1ltat\u00f3:Sybell Informatika Kft.Sz\u00e9khely: 1138 Budapest, Tomori utca 34. 2. emeletWeboldal: https:\/\/sybell.huE-mail: hello@sybell.huTelefon: +36 1 707 6726 A weboldalon tal\u00e1lhat\u00f3 tartalmak szerz\u0151i jogv\u00e9delem alatt \u00e1llnak. A weboldal [&hellip;]<\/p>\n","protected":false},"author":1,"featured_media":0,"parent":0,"menu_order":0,"comment_status":"closed","ping_status":"closed","template":"","meta":{"footnotes":""},"class_list":["post-2796","page","type-page","status-publish","hentry"],"yoast_head":"<!-- This site is optimized with the Yoast SEO Premium plugin v27.3 (Yoast SEO v27.3) - https:\/\/yoast.com\/product\/yoast-seo-premium-wordpress\/ -->\n<title>Impresszum | Massz\u00e1zs Sz\u00e9kesfeh\u00e9rv\u00e1r \u2013 Neo Massz\u00e1zs<\/title>\n<meta name=\"description\" content=\"Stresszold\u00f3 massz\u00e1zs Sz\u00e9kesfeh\u00e9rv\u00e1ron. Sv\u00e9d massz\u00e1zs, l\u00e1vak\u00f6ves kezel\u00e9s \u00e9s teljes felt\u00f6lt\u0151d\u00e9s. Foglalj id\u0151pontot a Neo Massz\u00e1zsn\u00e1l m\u00e9g ma!\" \/>\n<meta name=\"robots\" content=\"index, follow, max-snippet:-1, max-image-preview:large, max-video-preview:-1\" \/>\n<link rel=\"canonical\" href=\"https:\/\/neomasszazs.hu\/en\/impresszum\/\" \/>\n<meta property=\"og:locale\" content=\"en_US\" \/>\n<meta property=\"og:type\" content=\"article\" \/>\n<meta property=\"og:title\" content=\"Massz\u00e1zs Sz\u00e9kesfeh\u00e9rv\u00e1ron \u2013 Id\u0151pontfoglal\u00e1s | Neo Massz\u00e1zs\" \/>\n<meta property=\"og:description\" content=\"Stresszes vagy? Foglalj id\u0151pontot massz\u00e1zsra Sz\u00e9kesfeh\u00e9rv\u00e1ron! Sv\u00e9d massz\u00e1zs, l\u00e1vak\u00f6ves kezel\u00e9s \u00e9s teljes felt\u00f6lt\u0151d\u00e9s v\u00e1r r\u00e1d.\" \/>\n<meta property=\"og:url\" content=\"https:\/\/neomasszazs.hu\/en\/impresszum\/\" \/>\n<meta property=\"og:site_name\" content=\"Neo Massz\u00e1zs\" \/>\n<meta property=\"article:publisher\" content=\"https:\/\/www.facebook.com\/profile.php?id=61578448436189\" \/>\n<meta property=\"article:modified_time\" content=\"2026-04-11T07:17:15+00:00\" \/>\n<meta property=\"og:image\" content=\"https:\/\/neomasszazs.hu\/wp-content\/uploads\/2026\/01\/3132.jpg\" \/>\n\t<meta property=\"og:image:width\" content=\"2000\" \/>\n\t<meta property=\"og:image:height\" content=\"1333\" \/>\n\t<meta property=\"og:image:type\" content=\"image\/jpeg\" \/>\n<meta name=\"twitter:card\" content=\"summary_large_image\" \/>\n<meta name=\"twitter:label1\" content=\"Est. reading time\" \/>\n\t<meta name=\"twitter:data1\" content=\"1 minute\" \/>\n<script type=\"application\/ld+json\" class=\"yoast-schema-graph\">{\"@context\":\"https:\\\/\\\/schema.org\",\"@graph\":[{\"@type\":\"WebPage\",\"@id\":\"https:\\\/\\\/neomasszazs.hu\\\/impresszum\\\/\",\"url\":\"https:\\\/\\\/neomasszazs.hu\\\/impresszum\\\/\",\"name\":\"Impresszum | Massz\u00e1zs Sz\u00e9kesfeh\u00e9rv\u00e1r \u2013 Neo Massz\u00e1zs\",\"isPartOf\":{\"@id\":\"https:\\\/\\\/neomasszazs.hu\\\/#website\"},\"datePublished\":\"2026-04-11T06:53:44+00:00\",\"dateModified\":\"2026-04-11T07:17:15+00:00\",\"description\":\"Stresszold\u00f3 massz\u00e1zs Sz\u00e9kesfeh\u00e9rv\u00e1ron. Sv\u00e9d massz\u00e1zs, l\u00e1vak\u00f6ves kezel\u00e9s \u00e9s teljes felt\u00f6lt\u0151d\u00e9s. Foglalj id\u0151pontot a Neo Massz\u00e1zsn\u00e1l m\u00e9g ma!\",\"breadcrumb\":{\"@id\":\"https:\\\/\\\/neomasszazs.hu\\\/impresszum\\\/#breadcrumb\"},\"inLanguage\":\"en-US\",\"potentialAction\":[{\"@type\":\"ReadAction\",\"target\":[\"https:\\\/\\\/neomasszazs.hu\\\/impresszum\\\/\"]}]},{\"@type\":\"BreadcrumbList\",\"@id\":\"https:\\\/\\\/neomasszazs.hu\\\/impresszum\\\/#breadcrumb\",\"itemListElement\":[{\"@type\":\"ListItem\",\"position\":1,\"name\":\"Home\",\"item\":\"https:\\\/\\\/neomasszazs.hu\\\/\"},{\"@type\":\"ListItem\",\"position\":2,\"name\":\"Impresszum\"}]},{\"@type\":\"WebSite\",\"@id\":\"https:\\\/\\\/neomasszazs.hu\\\/#website\",\"url\":\"https:\\\/\\\/neomasszazs.hu\\\/\",\"name\":\"NeoMassz\u00e1zs\",\"description\":\"L\u00e9pj ki a m\u00e1trixb\u00f3l!\",\"publisher\":{\"@id\":\"https:\\\/\\\/neomasszazs.hu\\\/#organization\"},\"potentialAction\":[{\"@type\":\"SearchAction\",\"target\":{\"@type\":\"EntryPoint\",\"urlTemplate\":\"https:\\\/\\\/neomasszazs.hu\\\/?s={search_term_string}\"},\"query-input\":{\"@type\":\"PropertyValueSpecification\",\"valueRequired\":true,\"valueName\":\"search_term_string\"}}],\"inLanguage\":\"en-US\"},{\"@type\":\"Organization\",\"@id\":\"https:\\\/\\\/neomasszazs.hu\\\/#organization\",\"name\":\"NeoMassz\u00e1zs\",\"url\":\"https:\\\/\\\/neomasszazs.hu\\\/\",\"logo\":{\"@type\":\"ImageObject\",\"inLanguage\":\"en-US\",\"@id\":\"https:\\\/\\\/neomasszazs.hu\\\/#\\\/schema\\\/logo\\\/image\\\/\",\"url\":\"https:\\\/\\\/neomasszazs.hu\\\/wp-content\\\/uploads\\\/2026\\\/03\\\/cropped-cropped-logo-uj.png\",\"contentUrl\":\"https:\\\/\\\/neomasszazs.hu\\\/wp-content\\\/uploads\\\/2026\\\/03\\\/cropped-cropped-logo-uj.png\",\"width\":511,\"height\":448,\"caption\":\"NeoMassz\u00e1zs\"},\"image\":{\"@id\":\"https:\\\/\\\/neomasszazs.hu\\\/#\\\/schema\\\/logo\\\/image\\\/\"},\"sameAs\":[\"https:\\\/\\\/www.facebook.com\\\/profile.php?id=61578448436189\"]}]}<\/script>\n<!-- \/ Yoast SEO Premium plugin. -->","yoast_head_json":{"title":"Impresszum | Massz\u00e1zs Sz\u00e9kesfeh\u00e9rv\u00e1r \u2013 Neo Massz\u00e1zs","description":"Stress-relieving massage in Sz\u00e9kesfeh\u00e9rv\u00e1r. Swedish massage, hot stone treatment and complete rejuvenation. Book an appointment at Neo Massage today!","robots":{"index":"index","follow":"follow","max-snippet":"max-snippet:-1","max-image-preview":"max-image-preview:large","max-video-preview":"max-video-preview:-1"},"canonical":"https:\/\/neomasszazs.hu\/en\/impresszum\/","og_locale":"en_US","og_type":"article","og_title":"Massz\u00e1zs Sz\u00e9kesfeh\u00e9rv\u00e1ron \u2013 Id\u0151pontfoglal\u00e1s | Neo Massz\u00e1zs","og_description":"Stresszes vagy? Foglalj id\u0151pontot massz\u00e1zsra Sz\u00e9kesfeh\u00e9rv\u00e1ron! Sv\u00e9d massz\u00e1zs, l\u00e1vak\u00f6ves kezel\u00e9s \u00e9s teljes felt\u00f6lt\u0151d\u00e9s v\u00e1r r\u00e1d.","og_url":"https:\/\/neomasszazs.hu\/en\/impresszum\/","og_site_name":"Neo Massz\u00e1zs","article_publisher":"https:\/\/www.facebook.com\/profile.php?id=61578448436189","article_modified_time":"2026-04-11T07:17:15+00:00","og_image":[{"width":2000,"height":1333,"url":"https:\/\/neomasszazs.hu\/wp-content\/uploads\/2026\/01\/3132.jpg","type":"image\/jpeg"}],"twitter_card":"summary_large_image","twitter_misc":{"Est. reading time":"1 minute"},"schema":{"@context":"https:\/\/schema.org","@graph":[{"@type":"WebPage","@id":"https:\/\/neomasszazs.hu\/impresszum\/","url":"https:\/\/neomasszazs.hu\/impresszum\/","name":"Impresszum | Massz\u00e1zs Sz\u00e9kesfeh\u00e9rv\u00e1r \u2013 Neo Massz\u00e1zs","isPartOf":{"@id":"https:\/\/neomasszazs.hu\/#website"},"datePublished":"2026-04-11T06:53:44+00:00","dateModified":"2026-04-11T07:17:15+00:00","description":"Stress-relieving massage in Sz\u00e9kesfeh\u00e9rv\u00e1r. Swedish massage, hot stone treatment and complete rejuvenation. Book an appointment at Neo Massage today!","breadcrumb":{"@id":"https:\/\/neomasszazs.hu\/impresszum\/#breadcrumb"},"inLanguage":"en-US","potentialAction":[{"@type":"ReadAction","target":["https:\/\/neomasszazs.hu\/impresszum\/"]}]},{"@type":"BreadcrumbList","@id":"https:\/\/neomasszazs.hu\/impresszum\/#breadcrumb","itemListElement":[{"@type":"ListItem","position":1,"name":"Home","item":"https:\/\/neomasszazs.hu\/"},{"@type":"ListItem","position":2,"name":"Impresszum"}]},{"@type":"WebSite","@id":"https:\/\/neomasszazs.hu\/#website","url":"https:\/\/neomasszazs.hu\/","name":"NeoMassage","description":"Get out of the matrix!","publisher":{"@id":"https:\/\/neomasszazs.hu\/#organization"},"potentialAction":[{"@type":"SearchAction","target":{"@type":"EntryPoint","urlTemplate":"https:\/\/neomasszazs.hu\/?s={search_term_string}"},"query-input":{"@type":"PropertyValueSpecification","valueRequired":true,"valueName":"search_term_string"}}],"inLanguage":"en-US"},{"@type":"Organization","@id":"https:\/\/neomasszazs.hu\/#organization","name":"NeoMassage","url":"https:\/\/neomasszazs.hu\/","logo":{"@type":"ImageObject","inLanguage":"en-US","@id":"https:\/\/neomasszazs.hu\/#\/schema\/logo\/image\/","url":"https:\/\/neomasszazs.hu\/wp-content\/uploads\/2026\/03\/cropped-cropped-logo-uj.png","contentUrl":"https:\/\/neomasszazs.hu\/wp-content\/uploads\/2026\/03\/cropped-cropped-logo-uj.png","width":511,"height":448,"caption":"NeoMassz\u00e1zs"},"image":{"@id":"https:\/\/neomasszazs.hu\/#\/schema\/logo\/image\/"},"sameAs":["https:\/\/www.facebook.com\/profile.php?id=61578448436189"]}]}},"_links":{"self":[{"href":"https:\/\/neomasszazs.hu\/en\/wp-json\/wp\/v2\/pages\/2796","targetHints":{"allow":["GET"]}}],"collection":[{"href":"https:\/\/neomasszazs.hu\/en\/wp-json\/wp\/v2\/pages"}],"about":[{"href":"https:\/\/neomasszazs.hu\/en\/wp-json\/wp\/v2\/types\/page"}],"author":[{"embeddable":true,"href":"https:\/\/neomasszazs.hu\/en\/wp-json\/wp\/v2\/users\/1"}],"replies":[{"embeddable":true,"href":"https:\/\/neomasszazs.hu\/en\/wp-json\/wp\/v2\/comments?post=2796"}],"version-history":[{"count":10,"href":"https:\/\/neomasszazs.hu\/en\/wp-json\/wp\/v2\/pages\/2796\/revisions"}],"predecessor-version":[{"id":2828,"href":"https:\/\/neomasszazs.hu\/en\/wp-json\/wp\/v2\/pages\/2796\/revisions\/2828"}],"wp:attachment":[{"href":"https:\/\/neomasszazs.hu\/en\/wp-json\/wp\/v2\/media?parent=2796"}],"curies":[{"name":"wp","href":"https:\/\/api.w.org\/{rel}","templated":true}]}}