{"id":2233,"date":"2026-04-06T21:43:13","date_gmt":"2026-04-06T21:43:13","guid":{"rendered":"https:\/\/neomasszazs.hu\/?page_id=2233"},"modified":"2026-04-17T20:41:56","modified_gmt":"2026-04-17T18:41:56","slug":"hazirend","status":"publish","type":"page","link":"https:\/\/neomasszazs.hu\/en\/hazirend\/","title":{"rendered":"House rules"},"content":{"rendered":"<div data-elementor-type=\"wp-page\" data-elementor-id=\"2233\" class=\"elementor elementor-2233\" data-elementor-post-type=\"page\">\n\t\t\t\t<div class=\"elementor-element elementor-element-7dc4ff6 e-flex e-con-boxed e-con e-parent\" data-id=\"7dc4ff6\" data-element_type=\"container\" data-e-type=\"container\">\n\t\t\t\t\t<div class=\"e-con-inner\">\n\t\t<div class=\"elementor-element elementor-element-e74b4d1 e-con-full e-flex e-con e-child\" data-id=\"e74b4d1\" data-element_type=\"container\" data-e-type=\"container\">\n\t\t\t\t<div class=\"elementor-element elementor-element-f5fa0d3 hazirend-animacio animated-slow uael-faq-box-layout-yes align-at-left elementor-invisible elementor-widget elementor-widget-uael-faq\" data-id=\"f5fa0d3\" data-element_type=\"widget\" data-e-type=\"widget\" data-settings=\"{&quot;_animation&quot;:&quot;slideInDown&quot;}\" data-widget_type=\"uael-faq.default\">\n\t\t\t\t<div class=\"elementor-widget-container\">\n\t\t\t\t\t\n\t\t\t<div id='uael-faq-wrapper-257' class=\"uael-faq-wrapper\">\n\t\t\t\t<div class=\"uael-faq-container uael-faq-layout-accordion\" data-layout=\"toggle\" >\n\t\t\t\t\t\t\t\t\t\t\t\t<div id=\"uael-accordion-19acad7\" class=\"uael-faq-accordion\" role=\"tablist\">\n\t\t\t\t\t\t\t\t<div class= \"uael-accordion-title\" aria-expanded=\"false\" role=\"tab\">\n\t\t\t\t\t\t\t\t\t<span class=\"uael-accordion-icon uael-accordion-icon-left\">\n\t\t\t\t\t\t\t\t\t\t<span class=\"uael-accordion-icon-closed\"><svg class=\"e-font-icon-svg e-fas-angle-right\" viewbox=\"0 0 256 512\" xmlns=\"http:\/\/www.w3.org\/2000\/svg\"><path d=\"M224.3 273l-136 136c-9.4 9.4-24.6 9.4-33.9 0l-22.6-22.6c-9.4-9.4-9.4-24.6 0-33.9l96.4-96.4-96.4-96.4c-9.4-9.4-9.4-24.6 0-33.9L54.3 103c9.4-9.4 24.6-9.4 33.9 0l136 136c9.5 9.4 9.5 24.6.1 34z\"><\/path><\/svg><\/span>\n\t\t\t\t\t\t\t\t\t\t<span class=\"uael-accordion-icon-opened\"><svg class=\"e-font-icon-svg e-fas-angle-up\" viewbox=\"0 0 320 512\" xmlns=\"http:\/\/www.w3.org\/2000\/svg\"><path d=\"M177 159.7l136 136c9.4 9.4 9.4 24.6 0 33.9l-22.6 22.6c-9.4 9.4-24.6 9.4-33.9 0L160 255.9l-96.4 96.4c-9.4 9.4-24.6 9.4-33.9 0L7 329.7c-9.4-9.4-9.4-24.6 0-33.9l136-136c9.4-9.5 24.6-9.5 34-.1z\"><\/path><\/svg><\/span>\n\t\t\t\t\t\t\t\t\t<\/span>\n\t\t\t\t\t\t\t\t\t<span class=\"uael-question-19acad7 uael-question-span\" tabindex=\"0\" id=\"uael-faq-1-69e2d9fa81ed6\">House Rules \u2013 Click here \u25bc<\/span>\n\t\t\t\t\t\t\t\t<\/div>\n\t\t\t\t\t\t\t\t<div class=\"uael-accordion-content\" role=\"tabpanel\">\n\t\t\t\t\t\t\t\t\t<span>\n\t\t\t\t\t\t\t\t\t<span><ul><li><h1 data-section-id=\"9u9uox\" data-start=\"271\" data-end=\"283\">HOUSE RULES<\/h1><h3 data-section-id=\"nd1w6m\" data-start=\"284\" data-end=\"327\">Please read before booking an appointment.<\/h3><p data-start=\"329\" data-end=\"478\">In order to provide all my guests with <strong data-start=\"375\" data-end=\"419\">a calm, safe and quality experience<\/strong> I can assure you, please consider the following.<\/p><hr data-start=\"480\" data-end=\"483\" \/><h1 data-section-id=\"1kl22d7\" data-start=\"485\" data-end=\"504\">Health status<\/h1><p data-start=\"506\" data-end=\"583\">Massage only <strong data-start=\"526\" data-end=\"557\">for healthy guests<\/strong> I am able to provide it.<\/p><p data-start=\"585\" data-end=\"749\">If you have a sore throat, runny nose, cough, fever, or general malaise, please, <strong data-start=\"719\" data-end=\"748\">postpone your appointment<\/strong>.<\/p><p data-start=\"751\" data-end=\"886\">For a relaxing or refreshing massage for the first time <strong data-start=\"809\" data-end=\"837\">a condition assessment is being carried out<\/strong>, which is approximately <strong data-start=\"856\" data-end=\"885\">Takes 15\u201320 minutes<\/strong>.<\/p><p data-start=\"888\" data-end=\"1034\">Please provide the health assessment questionnaire. <strong data-start=\"923\" data-end=\"971\">download it in advance, fill it out, and bring it with you<\/strong>, so we can get to the point more quickly why you came for treatment.<\/p><p data-start=\"1036\" data-end=\"1171\">If during the health assessment <strong data-start=\"1072\" data-end=\"1132\">I find everything to be fine and there are no contraindications.<\/strong>, we can start the massage treatment.<\/p><hr data-start=\"1264\" data-end=\"1267\" \/><h1 data-section-id=\"bfof7\" data-start=\"1269\" data-end=\"1298\">Treatment procedure, clothing<\/h1><p data-start=\"1300\" data-end=\"1363\">Massage is exclusively <strong data-start=\"1311\" data-end=\"1344\">with natural vegetable oils<\/strong> happens, for example:<\/p><ul data-start=\"1365\" data-end=\"1413\"><li data-section-id=\"1mfm1ym\" data-start=\"1365\" data-end=\"1381\">grape seed oil<\/li><li data-section-id=\"dbq7ex\" data-start=\"1382\" data-end=\"1395\">rose oil<\/li><li data-section-id=\"1kskwlk\" data-start=\"1396\" data-end=\"1413\">lavender oil<\/li><\/ul><p data-start=\"1415\" data-end=\"1676\">On demand <strong data-start=\"1429\" data-end=\"1462\">With 100% purity essential oils<\/strong> can also be supplemented, or <strong data-start=\"1560\" data-end=\"1598\">with premium massage cream<\/strong> is done taking into account the treatment, skin type and individual preferences.<\/p><p data-start=\"1678\" data-end=\"1792\">The treatments in all cases <strong data-start=\"1705\" data-end=\"1730\">they happen in underwear<\/strong>, with maximum respect for the guest&#039;s comfort.<\/p><hr data-start=\"1794\" data-end=\"1797\" \/><h1 data-section-id=\"31mxmq\" data-start=\"1799\" data-end=\"1817\">Arrival and delay<\/h1><p data-start=\"1819\" data-end=\"1893\">Please, <strong data-start=\"1827\" data-end=\"1846\">arrive on time<\/strong>, at most <strong data-start=\"1859\" data-end=\"1892\">10 minutes before your appointment<\/strong>.<\/p><p data-start=\"1895\" data-end=\"2087\">In the salon <strong data-start=\"1907\" data-end=\"1929\">there is no waiting room<\/strong>, therefore it is important that the previous guest&#039;s relaxation is undisturbed, and that the necessary <strong data-start=\"2018\" data-end=\"2053\">ventilation and disinfection<\/strong> I can complete it completely.<\/p><p data-start=\"2089\" data-end=\"2181\">Duration of treatment in case of delay <strong data-start=\"2123\" data-end=\"2151\">shortens with the delay time<\/strong>, with unchanged remuneration.<\/p><hr data-start=\"2183\" data-end=\"2186\" \/><h1 data-section-id=\"11p3sd0\" data-start=\"2188\" data-end=\"2217\">Cancellation and no-show<\/h1><p data-start=\"2219\" data-end=\"2287\">Please cancel the appointment. <strong data-start=\"2248\" data-end=\"2286\">please notify at least 24 hours in advance<\/strong>.<\/p><p data-start=\"2289\" data-end=\"2402\">In case of cancellation within 24 hours, a new appointment will be booked. <strong data-start=\"2343\" data-end=\"2387\">after payment of 50% of the management fee<\/strong> there is a possibility.<\/p><p data-start=\"2404\" data-end=\"2505\">In case of no-show, a new appointment will only be <strong data-start=\"2443\" data-end=\"2496\">after paying the full fee for the missed treatment<\/strong> available upon request.<\/p><p data-start=\"2507\" data-end=\"2581\"><strong data-start=\"2507\" data-end=\"2538\">After a second failure<\/strong> Unfortunately, I cannot provide a new date.<\/p><p data-start=\"2583\" data-end=\"2691\">If something unexpected happens and you can&#039;t come, if possible <strong data-start=\"2654\" data-end=\"2690\">send another guest instead of yourself<\/strong>.<\/p><hr data-start=\"2693\" data-end=\"2696\" \/><h1 data-section-id=\"hm3shy\" data-start=\"2698\" data-end=\"2726\">Appointment booking and payment<\/h1><p data-start=\"2728\" data-end=\"2822\">The person who should make an appointment is:, <strong data-start=\"2762\" data-end=\"2789\">who comes for treatment<\/strong>, by providing your name and contact information.<\/p><p data-start=\"2824\" data-end=\"2967\">For guests under 18 years of age, the reservation can be initiated by a parent or relative, however, during the treatment period <strong data-start=\"2934\" data-end=\"2966\">the presence of an escort is required<\/strong>.<\/p><h3 data-section-id=\"1jcwuyr\" data-start=\"2969\" data-end=\"2993\">Payment options<\/h3><ul data-start=\"2995\" data-end=\"3096\"><li data-section-id=\"wcmco7\" data-start=\"2995\" data-end=\"3038\">online payment (bank card, Google Pay)<\/li><li data-section-id=\"c3l3zd\" data-start=\"3039\" data-end=\"3096\">cash payment \u2013 please notify us in advance by phone<\/li><\/ul><p data-start=\"3098\" data-end=\"3142\">Please request a VAT invoice. <strong data-start=\"3125\" data-end=\"3141\">predict<\/strong>.<\/p><hr data-start=\"3144\" data-end=\"3147\" \/><h1 data-section-id=\"1uwbepn\" data-start=\"3149\" data-end=\"3185\">Contraindications<\/h1><p data-start=\"3187\" data-end=\"3294\">Massage can help with certain health conditions <strong data-start=\"3237\" data-end=\"3293\">cannot be performed or can only be performed with medical permission<\/strong>.<\/p><p data-start=\"3296\" data-end=\"3327\">The most common contraindications:<\/p><ul data-start=\"3329\" data-end=\"3788\"><li data-section-id=\"1430l3a\" data-start=\"3329\" data-end=\"3346\">feverish state<\/li><li data-section-id=\"1v5lsk5\" data-start=\"3347\" data-end=\"3369\">infectious diseases<\/li><li data-section-id=\"dgno5o\" data-start=\"3370\" data-end=\"3400\">acute inflammatory conditions<\/li><li data-section-id=\"w3t2bk\" data-start=\"3401\" data-end=\"3439\">infectious skin diseases, open wounds<\/li><li data-section-id=\"5poarh\" data-start=\"3440\" data-end=\"3453\">thrombosis<\/li><li data-section-id=\"wll89m\" data-start=\"3454\" data-end=\"3480\">severe varicose veins<\/li><li data-section-id=\"1tkujrj\" data-start=\"3481\" data-end=\"3520\">serious heart and circulatory problems<\/li><li data-section-id=\"1pnja1g\" data-start=\"3521\" data-end=\"3551\">untreated high blood pressure<\/li><li data-section-id=\"eqk7ud\" data-start=\"3552\" data-end=\"3594\">malignant tumors<\/li><li data-section-id=\"1voyrru\" data-start=\"3595\" data-end=\"3618\">blood clotting disorders<\/li><li data-section-id=\"f5a8a3\" data-start=\"3619\" data-end=\"3647\">recent surgery or injury<\/li><li data-section-id=\"sw0o93\" data-start=\"3648\" data-end=\"3662\">bone fracture<\/li><li data-section-id=\"btlvb6\" data-start=\"3663\" data-end=\"3694\">advanced osteoporosis<\/li><li data-section-id=\"7m2bv3\" data-start=\"3695\" data-end=\"3730\">serious nervous system diseases<\/li><li data-section-id=\"j1rdb\" data-start=\"3731\" data-end=\"3788\">being under the influence of alcohol or mind-altering drugs<\/li><li data-section-id=\"j1rdb\" data-start=\"3731\" data-end=\"3788\"><p data-start=\"1394\" data-end=\"1417\"><strong data-start=\"1394\" data-end=\"1417\">In case of pregnancy:<\/strong><\/p><ul data-start=\"1419\" data-end=\"1636\"><li data-section-id=\"qe2657\" data-start=\"1419\" data-end=\"1507\">a <strong data-start=\"1423\" data-end=\"1470\">during the first trimester of pregnancy (first 12 weeks)<\/strong> traditional massage cannot be performed<\/li><li data-section-id=\"1sg7pmv\" data-start=\"1508\" data-end=\"1636\">a <strong data-start=\"1512\" data-end=\"1565\">in late pregnancy (third trimester)<\/strong> only special maternity massage can be performed with appropriate technique<\/li><\/ul><\/li><\/ul><p data-start=\"3790\" data-end=\"3904\">If you are unsure whether the massage <strong data-start=\"3841\" data-end=\"3872\">Can it be done safely?<\/strong>, please indicate before booking.<\/p><hr data-start=\"3906\" data-end=\"3909\" \/><h1 data-section-id=\"g36s28\" data-start=\"3911\" data-end=\"3936\">Other important information<\/h1><p data-start=\"3938\" data-end=\"4006\">The guest is required to fill out the condition assessment form <strong data-start=\"3979\" data-end=\"4005\">to provide real data<\/strong>.<\/p><p data-start=\"4008\" data-end=\"4145\">For any consequences resulting from treatment in the event of a hidden illness or medical condition <strong data-start=\"4107\" data-end=\"4144\">the masseur does not take responsibility<\/strong>.<\/p><p data-start=\"4147\" data-end=\"4324\">Thank you for your understanding and cooperation.<br data-start=\"4195\" data-end=\"4198\" \/>These rules all serve to ensure that the time spent with me is <strong data-start=\"4261\" data-end=\"4320\">May you have a peaceful, safe and fulfilling experience.<\/strong>. \ud83d\udc9a<\/p><\/li><\/ul><\/span>\t\t\t\t\t\t\t\t\t<\/span>\n\t\t\t\t\t\t\t\t<\/div>\n\t\t\t\t\t\t\t<\/div>\n\t\t\t\t\t\t\t\t\t\t\t<\/div>\n\t\t\t<\/div>\n\t\t\t\t\t\t\t<\/div>\n\t\t\t\t<\/div>\n\t\t\t\t<div class=\"elementor-element elementor-element-0a2f5a9 elementor-widget elementor-widget-spacer\" data-id=\"0a2f5a9\" data-element_type=\"widget\" data-e-type=\"widget\" data-widget_type=\"spacer.default\">\n\t\t\t\t\t\t\t<div class=\"elementor-spacer\">\n\t\t\t<div class=\"elementor-spacer-inner\"><\/div>\n\t\t<\/div>\n\t\t\t\t\t\t<\/div>\n\t\t\t\t<\/div>\n\t\t\t\t\t<\/div>\n\t\t\t\t<\/div>\n\t\t<div class=\"elementor-element elementor-element-5e9a577 e-flex e-con-boxed e-con e-parent\" data-id=\"5e9a577\" data-element_type=\"container\" data-e-type=\"container\">\n\t\t\t\t\t<div class=\"e-con-inner\">\n\t\t\t\t<div class=\"elementor-element elementor-element-7499c05 elementor-widget elementor-widget-heading\" data-id=\"7499c05\" data-element_type=\"widget\" data-e-type=\"widget\" data-widget_type=\"heading.default\">\n\t\t\t\t\t<h2 class=\"elementor-heading-title elementor-size-default\">Status assessment questionnaire<\/h2>\t\t\t\t<\/div>\n\t\t\t\t<div class=\"elementor-element elementor-element-6c8e290 elementor-widget elementor-widget-text-editor\" data-id=\"6c8e290\" data-element_type=\"widget\" data-e-type=\"widget\" data-widget_type=\"text-editor.default\">\n\t\t\t\t\t\t\t\t\t<p data-start=\"1187\" data-end=\"1294\">To ensure the safety of treatments for all guests <strong data-start=\"1242\" data-end=\"1293\">a condition assessment is required before the first treatment<\/strong>.<\/p><p data-start=\"1296\" data-end=\"1382\">Please download the health assessment questionnaire, fill it out, and bring it with you to your treatment.<\/p><p data-start=\"1384\" data-end=\"1419\">\u2b07 Download and bring it with you to your first treatment<\/p>\t\t\t\t\t\t\t\t<\/div>\n\t\t\t\t<div class=\"elementor-element elementor-element-edaed94 elementor-widget elementor-widget-html\" data-id=\"edaed94\" data-element_type=\"widget\" data-e-type=\"widget\" data-widget_type=\"html.default\">\n\t\t\t\t\t<a href=\"https:\/\/neomasszazs.hu\/wp-content\/uploads\/2026\/04\/NEO_bodymind_final.pdf\" \r\n   class=\"neon-letoltes\" \r\n   target=\"_blank\" \r\n   download>\r\n\ud83d\udcc4 Download the status report\r\n<\/a>\t\t\t\t<\/div>\n\t\t\t\t\t<\/div>\n\t\t\t\t<\/div>\n\t\t\t\t<\/div>","protected":false},"excerpt":{"rendered":"<p>H\u00e1zirend \u2013 Kattints ide \u25bc H\u00c1ZIREND K\u00e9rlek, olvasd el id\u0151pontfoglal\u00e1s el\u0151tt Annak \u00e9rdek\u00e9ben, hogy minden vend\u00e9gem sz\u00e1m\u00e1ra nyugodt, biztons\u00e1gos \u00e9s min\u0151s\u00e9gi \u00e9lm\u00e9nyt tudjak biztos\u00edtani, k\u00e9rlek, az al\u00e1bbiakat vedd figyelembe. Eg\u00e9szs\u00e9gi \u00e1llapot Massz\u00e1zst kiz\u00e1r\u00f3lag eg\u00e9szs\u00e9ges vend\u00e9gek sz\u00e1m\u00e1ra \u00e1ll m\u00f3domban biztos\u00edtani. Ha torokf\u00e1j\u00e1sod van, folyik az orrod, k\u00f6h\u00f6gsz, l\u00e1zas vagy, h\u0151emelked\u00e9sed van, illetve \u00e1ltal\u00e1nos rossz k\u00f6z\u00e9rzetet tapasztalsz, [&hellip;]<\/p>\n","protected":false},"author":1,"featured_media":0,"parent":0,"menu_order":0,"comment_status":"closed","ping_status":"closed","template":"","meta":{"footnotes":""},"class_list":["post-2233","page","type-page","status-publish","hentry"],"yoast_head":"<!-- This site is optimized with the Yoast SEO Premium plugin v27.3 (Yoast SEO v27.3) - https:\/\/yoast.com\/product\/yoast-seo-premium-wordpress\/ -->\n<title>H\u00e1zirend | Massz\u00e1zs Sz\u00e9kesfeh\u00e9rv\u00e1r \u2013 Neo Massz\u00e1zs<\/title>\n<meta name=\"description\" content=\"Stresszold\u00f3 massz\u00e1zs Sz\u00e9kesfeh\u00e9rv\u00e1ron. Sv\u00e9d massz\u00e1zs, l\u00e1vak\u00f6ves kezel\u00e9s \u00e9s teljes felt\u00f6lt\u0151d\u00e9s. Foglalj id\u0151pontot a Neo Massz\u00e1zsn\u00e1l m\u00e9g ma!\" \/>\n<meta name=\"robots\" content=\"index, follow, max-snippet:-1, max-image-preview:large, max-video-preview:-1\" \/>\n<link rel=\"canonical\" href=\"https:\/\/neomasszazs.hu\/en\/hazirend\/\" \/>\n<meta property=\"og:locale\" content=\"en_US\" \/>\n<meta property=\"og:type\" content=\"article\" \/>\n<meta property=\"og:title\" content=\"Massz\u00e1zs Sz\u00e9kesfeh\u00e9rv\u00e1ron \u2013 Id\u0151pontfoglal\u00e1s | Neo Massz\u00e1zs\" \/>\n<meta property=\"og:description\" content=\"Stresszes vagy? Foglalj id\u0151pontot massz\u00e1zsra Sz\u00e9kesfeh\u00e9rv\u00e1ron! Sv\u00e9d massz\u00e1zs, l\u00e1vak\u00f6ves kezel\u00e9s \u00e9s teljes felt\u00f6lt\u0151d\u00e9s v\u00e1r r\u00e1d.\" \/>\n<meta property=\"og:url\" content=\"https:\/\/neomasszazs.hu\/en\/hazirend\/\" \/>\n<meta property=\"og:site_name\" content=\"Neo Massz\u00e1zs\" \/>\n<meta property=\"article:publisher\" content=\"https:\/\/www.facebook.com\/profile.php?id=61578448436189\" \/>\n<meta property=\"article:modified_time\" content=\"2026-04-17T18:41:56+00:00\" \/>\n<meta property=\"og:image\" content=\"https:\/\/neomasszazs.hu\/wp-content\/uploads\/2026\/01\/3132.jpg\" \/>\n\t<meta property=\"og:image:width\" content=\"2000\" \/>\n\t<meta property=\"og:image:height\" content=\"1333\" \/>\n\t<meta property=\"og:image:type\" content=\"image\/jpeg\" \/>\n<meta name=\"twitter:card\" content=\"summary_large_image\" \/>\n<meta name=\"twitter:label1\" content=\"Est. reading time\" \/>\n\t<meta name=\"twitter:data1\" content=\"3 minutes\" \/>\n<script type=\"application\/ld+json\" class=\"yoast-schema-graph\">{\"@context\":\"https:\\\/\\\/schema.org\",\"@graph\":[{\"@type\":\"WebPage\",\"@id\":\"https:\\\/\\\/neomasszazs.hu\\\/hazirend\\\/\",\"url\":\"https:\\\/\\\/neomasszazs.hu\\\/hazirend\\\/\",\"name\":\"H\u00e1zirend | Massz\u00e1zs Sz\u00e9kesfeh\u00e9rv\u00e1r \u2013 Neo Massz\u00e1zs\",\"isPartOf\":{\"@id\":\"https:\\\/\\\/neomasszazs.hu\\\/#website\"},\"datePublished\":\"2026-04-06T21:43:13+00:00\",\"dateModified\":\"2026-04-17T18:41:56+00:00\",\"description\":\"Stresszold\u00f3 massz\u00e1zs Sz\u00e9kesfeh\u00e9rv\u00e1ron. Sv\u00e9d massz\u00e1zs, l\u00e1vak\u00f6ves kezel\u00e9s \u00e9s teljes felt\u00f6lt\u0151d\u00e9s. Foglalj id\u0151pontot a Neo Massz\u00e1zsn\u00e1l m\u00e9g ma!\",\"breadcrumb\":{\"@id\":\"https:\\\/\\\/neomasszazs.hu\\\/hazirend\\\/#breadcrumb\"},\"inLanguage\":\"en-US\",\"potentialAction\":[{\"@type\":\"ReadAction\",\"target\":[\"https:\\\/\\\/neomasszazs.hu\\\/hazirend\\\/\"]}]},{\"@type\":\"BreadcrumbList\",\"@id\":\"https:\\\/\\\/neomasszazs.hu\\\/hazirend\\\/#breadcrumb\",\"itemListElement\":[{\"@type\":\"ListItem\",\"position\":1,\"name\":\"Home\",\"item\":\"https:\\\/\\\/neomasszazs.hu\\\/\"},{\"@type\":\"ListItem\",\"position\":2,\"name\":\"H\u00e1zirend\"}]},{\"@type\":\"WebSite\",\"@id\":\"https:\\\/\\\/neomasszazs.hu\\\/#website\",\"url\":\"https:\\\/\\\/neomasszazs.hu\\\/\",\"name\":\"NeoMassz\u00e1zs\",\"description\":\"L\u00e9pj ki a m\u00e1trixb\u00f3l!\",\"publisher\":{\"@id\":\"https:\\\/\\\/neomasszazs.hu\\\/#organization\"},\"potentialAction\":[{\"@type\":\"SearchAction\",\"target\":{\"@type\":\"EntryPoint\",\"urlTemplate\":\"https:\\\/\\\/neomasszazs.hu\\\/?s={search_term_string}\"},\"query-input\":{\"@type\":\"PropertyValueSpecification\",\"valueRequired\":true,\"valueName\":\"search_term_string\"}}],\"inLanguage\":\"en-US\"},{\"@type\":\"Organization\",\"@id\":\"https:\\\/\\\/neomasszazs.hu\\\/#organization\",\"name\":\"NeoMassz\u00e1zs\",\"url\":\"https:\\\/\\\/neomasszazs.hu\\\/\",\"logo\":{\"@type\":\"ImageObject\",\"inLanguage\":\"en-US\",\"@id\":\"https:\\\/\\\/neomasszazs.hu\\\/#\\\/schema\\\/logo\\\/image\\\/\",\"url\":\"https:\\\/\\\/neomasszazs.hu\\\/wp-content\\\/uploads\\\/2026\\\/03\\\/cropped-cropped-logo-uj.png\",\"contentUrl\":\"https:\\\/\\\/neomasszazs.hu\\\/wp-content\\\/uploads\\\/2026\\\/03\\\/cropped-cropped-logo-uj.png\",\"width\":511,\"height\":448,\"caption\":\"NeoMassz\u00e1zs\"},\"image\":{\"@id\":\"https:\\\/\\\/neomasszazs.hu\\\/#\\\/schema\\\/logo\\\/image\\\/\"},\"sameAs\":[\"https:\\\/\\\/www.facebook.com\\\/profile.php?id=61578448436189\"]}]}<\/script>\n<!-- \/ Yoast SEO Premium plugin. -->","yoast_head_json":{"title":"H\u00e1zirend | Massz\u00e1zs Sz\u00e9kesfeh\u00e9rv\u00e1r \u2013 Neo Massz\u00e1zs","description":"Stress-relieving massage in Sz\u00e9kesfeh\u00e9rv\u00e1r. Swedish massage, hot stone treatment and complete rejuvenation. Book an appointment at Neo Massage today!","robots":{"index":"index","follow":"follow","max-snippet":"max-snippet:-1","max-image-preview":"max-image-preview:large","max-video-preview":"max-video-preview:-1"},"canonical":"https:\/\/neomasszazs.hu\/en\/hazirend\/","og_locale":"en_US","og_type":"article","og_title":"Massz\u00e1zs Sz\u00e9kesfeh\u00e9rv\u00e1ron \u2013 Id\u0151pontfoglal\u00e1s | Neo Massz\u00e1zs","og_description":"Stresszes vagy? Foglalj id\u0151pontot massz\u00e1zsra Sz\u00e9kesfeh\u00e9rv\u00e1ron! Sv\u00e9d massz\u00e1zs, l\u00e1vak\u00f6ves kezel\u00e9s \u00e9s teljes felt\u00f6lt\u0151d\u00e9s v\u00e1r r\u00e1d.","og_url":"https:\/\/neomasszazs.hu\/en\/hazirend\/","og_site_name":"Neo Massz\u00e1zs","article_publisher":"https:\/\/www.facebook.com\/profile.php?id=61578448436189","article_modified_time":"2026-04-17T18:41:56+00:00","og_image":[{"width":2000,"height":1333,"url":"https:\/\/neomasszazs.hu\/wp-content\/uploads\/2026\/01\/3132.jpg","type":"image\/jpeg"}],"twitter_card":"summary_large_image","twitter_misc":{"Est. reading time":"3 minutes"},"schema":{"@context":"https:\/\/schema.org","@graph":[{"@type":"WebPage","@id":"https:\/\/neomasszazs.hu\/hazirend\/","url":"https:\/\/neomasszazs.hu\/hazirend\/","name":"H\u00e1zirend | Massz\u00e1zs Sz\u00e9kesfeh\u00e9rv\u00e1r \u2013 Neo Massz\u00e1zs","isPartOf":{"@id":"https:\/\/neomasszazs.hu\/#website"},"datePublished":"2026-04-06T21:43:13+00:00","dateModified":"2026-04-17T18:41:56+00:00","description":"Stress-relieving massage in Sz\u00e9kesfeh\u00e9rv\u00e1r. Swedish massage, hot stone treatment and complete rejuvenation. Book an appointment at Neo Massage today!","breadcrumb":{"@id":"https:\/\/neomasszazs.hu\/hazirend\/#breadcrumb"},"inLanguage":"en-US","potentialAction":[{"@type":"ReadAction","target":["https:\/\/neomasszazs.hu\/hazirend\/"]}]},{"@type":"BreadcrumbList","@id":"https:\/\/neomasszazs.hu\/hazirend\/#breadcrumb","itemListElement":[{"@type":"ListItem","position":1,"name":"Home","item":"https:\/\/neomasszazs.hu\/"},{"@type":"ListItem","position":2,"name":"H\u00e1zirend"}]},{"@type":"WebSite","@id":"https:\/\/neomasszazs.hu\/#website","url":"https:\/\/neomasszazs.hu\/","name":"NeoMassage","description":"Get out of the matrix!","publisher":{"@id":"https:\/\/neomasszazs.hu\/#organization"},"potentialAction":[{"@type":"SearchAction","target":{"@type":"EntryPoint","urlTemplate":"https:\/\/neomasszazs.hu\/?s={search_term_string}"},"query-input":{"@type":"PropertyValueSpecification","valueRequired":true,"valueName":"search_term_string"}}],"inLanguage":"en-US"},{"@type":"Organization","@id":"https:\/\/neomasszazs.hu\/#organization","name":"NeoMassage","url":"https:\/\/neomasszazs.hu\/","logo":{"@type":"ImageObject","inLanguage":"en-US","@id":"https:\/\/neomasszazs.hu\/#\/schema\/logo\/image\/","url":"https:\/\/neomasszazs.hu\/wp-content\/uploads\/2026\/03\/cropped-cropped-logo-uj.png","contentUrl":"https:\/\/neomasszazs.hu\/wp-content\/uploads\/2026\/03\/cropped-cropped-logo-uj.png","width":511,"height":448,"caption":"NeoMassz\u00e1zs"},"image":{"@id":"https:\/\/neomasszazs.hu\/#\/schema\/logo\/image\/"},"sameAs":["https:\/\/www.facebook.com\/profile.php?id=61578448436189"]}]}},"_links":{"self":[{"href":"https:\/\/neomasszazs.hu\/en\/wp-json\/wp\/v2\/pages\/2233","targetHints":{"allow":["GET"]}}],"collection":[{"href":"https:\/\/neomasszazs.hu\/en\/wp-json\/wp\/v2\/pages"}],"about":[{"href":"https:\/\/neomasszazs.hu\/en\/wp-json\/wp\/v2\/types\/page"}],"author":[{"embeddable":true,"href":"https:\/\/neomasszazs.hu\/en\/wp-json\/wp\/v2\/users\/1"}],"replies":[{"embeddable":true,"href":"https:\/\/neomasszazs.hu\/en\/wp-json\/wp\/v2\/comments?post=2233"}],"version-history":[{"count":79,"href":"https:\/\/neomasszazs.hu\/en\/wp-json\/wp\/v2\/pages\/2233\/revisions"}],"predecessor-version":[{"id":2955,"href":"https:\/\/neomasszazs.hu\/en\/wp-json\/wp\/v2\/pages\/2233\/revisions\/2955"}],"wp:attachment":[{"href":"https:\/\/neomasszazs.hu\/en\/wp-json\/wp\/v2\/media?parent=2233"}],"curies":[{"name":"wp","href":"https:\/\/api.w.org\/{rel}","templated":true}]}}