{"id":2800,"date":"2026-04-11T06:54:51","date_gmt":"2026-04-11T06:54:51","guid":{"rendered":"https:\/\/neomasszazs.hu\/?page_id=2800"},"modified":"2026-04-11T07:17:00","modified_gmt":"2026-04-11T07:17:00","slug":"cookie-tajekoztato","status":"publish","type":"page","link":"https:\/\/neomasszazs.hu\/de\/cookie-tajekoztato\/","title":{"rendered":"Cookie-Informationen"},"content":{"rendered":"<div data-elementor-type=\"wp-page\" data-elementor-id=\"2800\" class=\"elementor elementor-2800\" data-elementor-post-type=\"page\">\n\t\t\t\t<div class=\"elementor-element elementor-element-0eb10a5 e-flex e-con-boxed e-con e-parent\" data-id=\"0eb10a5\" data-element_type=\"container\" data-e-type=\"container\">\n\t\t\t\t\t<div class=\"e-con-inner\">\n\t\t\t\t<div class=\"elementor-element elementor-element-989462f elementor-widget elementor-widget-heading\" data-id=\"989462f\" data-element_type=\"widget\" data-e-type=\"widget\" data-widget_type=\"heading.default\">\n\t\t\t\t\t<h2 class=\"elementor-heading-title elementor-size-default\">Cookie-Informationen<\/h2>\t\t\t\t<\/div>\n\t\t\t\t<div class=\"elementor-element elementor-element-d109e06 elementor-widget elementor-widget-text-editor\" data-id=\"d109e06\" data-element_type=\"widget\" data-e-type=\"widget\" data-widget_type=\"text-editor.default\">\n\t\t\t\t\t\t\t\t\t<p><strong>HINWEIS ZU COOKIES<\/strong><\/p><p>Die Webseite neomasszazs.hu verwendet Cookies, um den ordnungsgem\u00e4\u00dfen Betrieb zu gew\u00e4hrleisten und das Benutzererlebnis zu verbessern.<\/p><p>Was sind Cookies?<\/p><p>Ein Cookie ist eine kleine Datendatei, die eine Website im Browser eines Besuchers speichert. Cookies helfen der Website, ordnungsgem\u00e4\u00df zu funktionieren und Ihr Benutzererlebnis zu verbessern.<\/p><p>Zweck der Cookies<\/p><ul><li><p>die ordnungsgem\u00e4\u00dfe Funktion der Website sicherstellen<\/p><\/li><li><p>Verbesserung der Benutzererfahrung<\/p><\/li><li><p>Erstellung statistischer Analysen<\/p><\/li><li><p>Unterst\u00fctzung f\u00fcr Marketingaktivit\u00e4ten<\/p><\/li><\/ul><p>Verwendete Cookie-Arten<\/p><p>Notwendige Cookies<br \/>Diese Cookies sind f\u00fcr das Funktionieren der Website notwendig und k\u00f6nnen nicht deaktiviert werden.<\/p><p>Statistische Cookies<br \/>Sie dienen der Analyse des Website-Traffics. Zu diesem Zweck nutzt die Website den Dienst Google Analytics.<\/p><p>Marketing-Cookies<br \/>Sie dienen dazu, Nutzern relevante Werbung anzuzeigen. Die Website kann Google Ads, Facebook und Instagram (Meta-Dienste) zu Marketingzwecken nutzen.<\/p><p>Weitere Informationen zur Datenverarbeitung durch Dienstleister<\/p><p>Informationen zur Datenverarbeitung durch Google:<br \/><a href=\"https:\/\/policies.google.com\/privacy\">https:\/\/policies.google.com\/privacy<\/a><\/p><p>Meta (Facebook und Instagram) Datenschutzinformationen:<br \/><a href=\"https:\/\/www.facebook.com\/privacy\/policy\/\">https:\/\/www.facebook.com\/privacy\/policy\/<\/a><\/p><p>Cookie-Verwaltung<\/p><p>Nutzer k\u00f6nnen Cookies jederzeit in ihren Browsereinstellungen l\u00f6schen oder deaktivieren.<\/p><p>Durch die Nutzung der Website akzeptiert der Besucher die Verwendung von Cookies.<\/p>\t\t\t\t\t\t\t\t<\/div>\n\t\t\t\t\t<\/div>\n\t\t\t\t<\/div>\n\t\t\t\t<\/div>","protected":false},"excerpt":{"rendered":"<p>Cookie t\u00e1j\u00e9koztat\u00f3 COOKIE T\u00c1J\u00c9KOZTAT\u00d3 A neomasszazs.hu weboldal s\u00fctiket (cookie-kat) haszn\u00e1l a megfelel\u0151 m\u0171k\u00f6d\u00e9s biztos\u00edt\u00e1sa \u00e9s a felhaszn\u00e1l\u00f3i \u00e9lm\u00e9ny jav\u00edt\u00e1sa \u00e9rdek\u00e9ben. Mi az a cookie? A cookie egy kis adatf\u00e1jl, amelyet a weboldal a l\u00e1togat\u00f3 b\u00f6ng\u00e9sz\u0151j\u00e9ben helyez el. A cookie-k seg\u00edtenek a weboldal megfelel\u0151 m\u0171k\u00f6d\u00e9s\u00e9ben \u00e9s a felhaszn\u00e1l\u00f3i \u00e9lm\u00e9ny jav\u00edt\u00e1s\u00e1ban. A cookie-k c\u00e9lja a weboldal megfelel\u0151 [&hellip;]<\/p>\n","protected":false},"author":1,"featured_media":0,"parent":0,"menu_order":0,"comment_status":"closed","ping_status":"closed","template":"","meta":{"footnotes":""},"class_list":["post-2800","page","type-page","status-publish","hentry"],"yoast_head":"<!-- This site is optimized with the Yoast SEO Premium plugin v27.3 (Yoast SEO v27.3) - https:\/\/yoast.com\/product\/yoast-seo-premium-wordpress\/ -->\n<title>Cookie t\u00e1j\u00e9koztat\u00f3 | Massz\u00e1zs Sz\u00e9kesfeh\u00e9rv\u00e1r \u2013 Neo Massz\u00e1zs<\/title>\n<meta name=\"description\" content=\"Stresszold\u00f3 massz\u00e1zs Sz\u00e9kesfeh\u00e9rv\u00e1ron. Sv\u00e9d massz\u00e1zs, l\u00e1vak\u00f6ves kezel\u00e9s \u00e9s teljes felt\u00f6lt\u0151d\u00e9s. Foglalj id\u0151pontot a Neo Massz\u00e1zsn\u00e1l m\u00e9g ma!\" \/>\n<meta name=\"robots\" content=\"index, follow, max-snippet:-1, max-image-preview:large, max-video-preview:-1\" \/>\n<link rel=\"canonical\" href=\"https:\/\/neomasszazs.hu\/de\/cookie-tajekoztato\/\" \/>\n<meta property=\"og:locale\" content=\"de_DE\" \/>\n<meta property=\"og:type\" content=\"article\" \/>\n<meta property=\"og:title\" content=\"Massz\u00e1zs Sz\u00e9kesfeh\u00e9rv\u00e1ron \u2013 Id\u0151pontfoglal\u00e1s | Neo Massz\u00e1zs\" \/>\n<meta property=\"og:description\" content=\"Stresszes vagy? Foglalj id\u0151pontot massz\u00e1zsra Sz\u00e9kesfeh\u00e9rv\u00e1ron! Sv\u00e9d massz\u00e1zs, l\u00e1vak\u00f6ves kezel\u00e9s \u00e9s teljes felt\u00f6lt\u0151d\u00e9s v\u00e1r r\u00e1d.\" \/>\n<meta property=\"og:url\" content=\"https:\/\/neomasszazs.hu\/de\/cookie-tajekoztato\/\" \/>\n<meta property=\"og:site_name\" content=\"Neo Massz\u00e1zs\" \/>\n<meta property=\"article:publisher\" content=\"https:\/\/www.facebook.com\/profile.php?id=61578448436189\" \/>\n<meta property=\"article:modified_time\" content=\"2026-04-11T07:17:00+00:00\" \/>\n<meta property=\"og:image\" content=\"https:\/\/neomasszazs.hu\/wp-content\/uploads\/2026\/01\/3132.jpg\" \/>\n\t<meta property=\"og:image:width\" content=\"2000\" \/>\n\t<meta property=\"og:image:height\" content=\"1333\" \/>\n\t<meta property=\"og:image:type\" content=\"image\/jpeg\" \/>\n<meta name=\"twitter:card\" content=\"summary_large_image\" \/>\n<meta name=\"twitter:label1\" content=\"Gesch\u00e4tzte Lesezeit\" \/>\n\t<meta name=\"twitter:data1\" content=\"1 Minute\" \/>\n<script type=\"application\/ld+json\" class=\"yoast-schema-graph\">{\"@context\":\"https:\\\/\\\/schema.org\",\"@graph\":[{\"@type\":\"WebPage\",\"@id\":\"https:\\\/\\\/neomasszazs.hu\\\/cookie-tajekoztato\\\/\",\"url\":\"https:\\\/\\\/neomasszazs.hu\\\/cookie-tajekoztato\\\/\",\"name\":\"Cookie t\u00e1j\u00e9koztat\u00f3 | Massz\u00e1zs Sz\u00e9kesfeh\u00e9rv\u00e1r \u2013 Neo Massz\u00e1zs\",\"isPartOf\":{\"@id\":\"https:\\\/\\\/neomasszazs.hu\\\/#website\"},\"datePublished\":\"2026-04-11T06:54:51+00:00\",\"dateModified\":\"2026-04-11T07:17:00+00:00\",\"description\":\"Stresszold\u00f3 massz\u00e1zs Sz\u00e9kesfeh\u00e9rv\u00e1ron. Sv\u00e9d massz\u00e1zs, l\u00e1vak\u00f6ves kezel\u00e9s \u00e9s teljes felt\u00f6lt\u0151d\u00e9s. Foglalj id\u0151pontot a Neo Massz\u00e1zsn\u00e1l m\u00e9g ma!\",\"breadcrumb\":{\"@id\":\"https:\\\/\\\/neomasszazs.hu\\\/cookie-tajekoztato\\\/#breadcrumb\"},\"inLanguage\":\"de-AT\",\"potentialAction\":[{\"@type\":\"ReadAction\",\"target\":[\"https:\\\/\\\/neomasszazs.hu\\\/cookie-tajekoztato\\\/\"]}]},{\"@type\":\"BreadcrumbList\",\"@id\":\"https:\\\/\\\/neomasszazs.hu\\\/cookie-tajekoztato\\\/#breadcrumb\",\"itemListElement\":[{\"@type\":\"ListItem\",\"position\":1,\"name\":\"Home\",\"item\":\"https:\\\/\\\/neomasszazs.hu\\\/\"},{\"@type\":\"ListItem\",\"position\":2,\"name\":\"Cookie t\u00e1j\u00e9koztat\u00f3\"}]},{\"@type\":\"WebSite\",\"@id\":\"https:\\\/\\\/neomasszazs.hu\\\/#website\",\"url\":\"https:\\\/\\\/neomasszazs.hu\\\/\",\"name\":\"NeoMassz\u00e1zs\",\"description\":\"L\u00e9pj ki a m\u00e1trixb\u00f3l!\",\"publisher\":{\"@id\":\"https:\\\/\\\/neomasszazs.hu\\\/#organization\"},\"potentialAction\":[{\"@type\":\"SearchAction\",\"target\":{\"@type\":\"EntryPoint\",\"urlTemplate\":\"https:\\\/\\\/neomasszazs.hu\\\/?s={search_term_string}\"},\"query-input\":{\"@type\":\"PropertyValueSpecification\",\"valueRequired\":true,\"valueName\":\"search_term_string\"}}],\"inLanguage\":\"de-AT\"},{\"@type\":\"Organization\",\"@id\":\"https:\\\/\\\/neomasszazs.hu\\\/#organization\",\"name\":\"NeoMassz\u00e1zs\",\"url\":\"https:\\\/\\\/neomasszazs.hu\\\/\",\"logo\":{\"@type\":\"ImageObject\",\"inLanguage\":\"de-AT\",\"@id\":\"https:\\\/\\\/neomasszazs.hu\\\/#\\\/schema\\\/logo\\\/image\\\/\",\"url\":\"https:\\\/\\\/neomasszazs.hu\\\/wp-content\\\/uploads\\\/2026\\\/03\\\/cropped-cropped-logo-uj.png\",\"contentUrl\":\"https:\\\/\\\/neomasszazs.hu\\\/wp-content\\\/uploads\\\/2026\\\/03\\\/cropped-cropped-logo-uj.png\",\"width\":511,\"height\":448,\"caption\":\"NeoMassz\u00e1zs\"},\"image\":{\"@id\":\"https:\\\/\\\/neomasszazs.hu\\\/#\\\/schema\\\/logo\\\/image\\\/\"},\"sameAs\":[\"https:\\\/\\\/www.facebook.com\\\/profile.php?id=61578448436189\"]}]}<\/script>\n<!-- \/ Yoast SEO Premium plugin. -->","yoast_head_json":{"title":"Cookie t\u00e1j\u00e9koztat\u00f3 | Massz\u00e1zs Sz\u00e9kesfeh\u00e9rv\u00e1r \u2013 Neo Massz\u00e1zs","description":"Stresszold\u00f3 massz\u00e1zs Sz\u00e9kesfeh\u00e9rv\u00e1ron. Sv\u00e9d massz\u00e1zs, l\u00e1vak\u00f6ves kezel\u00e9s \u00e9s teljes felt\u00f6lt\u0151d\u00e9s. Foglalj id\u0151pontot a Neo Massz\u00e1zsn\u00e1l m\u00e9g ma!","robots":{"index":"index","follow":"follow","max-snippet":"max-snippet:-1","max-image-preview":"max-image-preview:large","max-video-preview":"max-video-preview:-1"},"canonical":"https:\/\/neomasszazs.hu\/de\/cookie-tajekoztato\/","og_locale":"de_DE","og_type":"article","og_title":"Massz\u00e1zs Sz\u00e9kesfeh\u00e9rv\u00e1ron \u2013 Id\u0151pontfoglal\u00e1s | Neo Massz\u00e1zs","og_description":"Stresszes vagy? Foglalj id\u0151pontot massz\u00e1zsra Sz\u00e9kesfeh\u00e9rv\u00e1ron! Sv\u00e9d massz\u00e1zs, l\u00e1vak\u00f6ves kezel\u00e9s \u00e9s teljes felt\u00f6lt\u0151d\u00e9s v\u00e1r r\u00e1d.","og_url":"https:\/\/neomasszazs.hu\/de\/cookie-tajekoztato\/","og_site_name":"Neo Massz\u00e1zs","article_publisher":"https:\/\/www.facebook.com\/profile.php?id=61578448436189","article_modified_time":"2026-04-11T07:17:00+00:00","og_image":[{"width":2000,"height":1333,"url":"https:\/\/neomasszazs.hu\/wp-content\/uploads\/2026\/01\/3132.jpg","type":"image\/jpeg"}],"twitter_card":"summary_large_image","twitter_misc":{"Gesch\u00e4tzte Lesezeit":"1 Minute"},"schema":{"@context":"https:\/\/schema.org","@graph":[{"@type":"WebPage","@id":"https:\/\/neomasszazs.hu\/cookie-tajekoztato\/","url":"https:\/\/neomasszazs.hu\/cookie-tajekoztato\/","name":"Cookie t\u00e1j\u00e9koztat\u00f3 | Massz\u00e1zs Sz\u00e9kesfeh\u00e9rv\u00e1r \u2013 Neo Massz\u00e1zs","isPartOf":{"@id":"https:\/\/neomasszazs.hu\/#website"},"datePublished":"2026-04-11T06:54:51+00:00","dateModified":"2026-04-11T07:17:00+00:00","description":"Stresszold\u00f3 massz\u00e1zs Sz\u00e9kesfeh\u00e9rv\u00e1ron. Sv\u00e9d massz\u00e1zs, l\u00e1vak\u00f6ves kezel\u00e9s \u00e9s teljes felt\u00f6lt\u0151d\u00e9s. Foglalj id\u0151pontot a Neo Massz\u00e1zsn\u00e1l m\u00e9g ma!","breadcrumb":{"@id":"https:\/\/neomasszazs.hu\/cookie-tajekoztato\/#breadcrumb"},"inLanguage":"de-AT","potentialAction":[{"@type":"ReadAction","target":["https:\/\/neomasszazs.hu\/cookie-tajekoztato\/"]}]},{"@type":"BreadcrumbList","@id":"https:\/\/neomasszazs.hu\/cookie-tajekoztato\/#breadcrumb","itemListElement":[{"@type":"ListItem","position":1,"name":"Home","item":"https:\/\/neomasszazs.hu\/"},{"@type":"ListItem","position":2,"name":"Cookie t\u00e1j\u00e9koztat\u00f3"}]},{"@type":"WebSite","@id":"https:\/\/neomasszazs.hu\/#website","url":"https:\/\/neomasszazs.hu\/","name":"NeoMassz\u00e1zs","description":"L\u00e9pj ki a m\u00e1trixb\u00f3l!","publisher":{"@id":"https:\/\/neomasszazs.hu\/#organization"},"potentialAction":[{"@type":"SearchAction","target":{"@type":"EntryPoint","urlTemplate":"https:\/\/neomasszazs.hu\/?s={search_term_string}"},"query-input":{"@type":"PropertyValueSpecification","valueRequired":true,"valueName":"search_term_string"}}],"inLanguage":"de-AT"},{"@type":"Organization","@id":"https:\/\/neomasszazs.hu\/#organization","name":"NeoMassz\u00e1zs","url":"https:\/\/neomasszazs.hu\/","logo":{"@type":"ImageObject","inLanguage":"de-AT","@id":"https:\/\/neomasszazs.hu\/#\/schema\/logo\/image\/","url":"https:\/\/neomasszazs.hu\/wp-content\/uploads\/2026\/03\/cropped-cropped-logo-uj.png","contentUrl":"https:\/\/neomasszazs.hu\/wp-content\/uploads\/2026\/03\/cropped-cropped-logo-uj.png","width":511,"height":448,"caption":"NeoMassz\u00e1zs"},"image":{"@id":"https:\/\/neomasszazs.hu\/#\/schema\/logo\/image\/"},"sameAs":["https:\/\/www.facebook.com\/profile.php?id=61578448436189"]}]}},"_links":{"self":[{"href":"https:\/\/neomasszazs.hu\/de\/wp-json\/wp\/v2\/pages\/2800","targetHints":{"allow":["GET"]}}],"collection":[{"href":"https:\/\/neomasszazs.hu\/de\/wp-json\/wp\/v2\/pages"}],"about":[{"href":"https:\/\/neomasszazs.hu\/de\/wp-json\/wp\/v2\/types\/page"}],"author":[{"embeddable":true,"href":"https:\/\/neomasszazs.hu\/de\/wp-json\/wp\/v2\/users\/1"}],"replies":[{"embeddable":true,"href":"https:\/\/neomasszazs.hu\/de\/wp-json\/wp\/v2\/comments?post=2800"}],"version-history":[{"count":10,"href":"https:\/\/neomasszazs.hu\/de\/wp-json\/wp\/v2\/pages\/2800\/revisions"}],"predecessor-version":[{"id":2825,"href":"https:\/\/neomasszazs.hu\/de\/wp-json\/wp\/v2\/pages\/2800\/revisions\/2825"}],"wp:attachment":[{"href":"https:\/\/neomasszazs.hu\/de\/wp-json\/wp\/v2\/media?parent=2800"}],"curies":[{"name":"wp","href":"https:\/\/api.w.org\/{rel}","templated":true}]}}