{"id":2233,"date":"2026-04-06T21:43:13","date_gmt":"2026-04-06T21:43:13","guid":{"rendered":"https:\/\/neomasszazs.hu\/?page_id=2233"},"modified":"2026-04-17T20:41:56","modified_gmt":"2026-04-17T18:41:56","slug":"hazirend","status":"publish","type":"page","link":"https:\/\/neomasszazs.hu\/de\/hazirend\/","title":{"rendered":"Hausregeln"},"content":{"rendered":"<div data-elementor-type=\"wp-page\" data-elementor-id=\"2233\" class=\"elementor elementor-2233\" data-elementor-post-type=\"page\">\n\t\t\t\t<div class=\"elementor-element elementor-element-7dc4ff6 e-flex e-con-boxed e-con e-parent\" data-id=\"7dc4ff6\" data-element_type=\"container\" data-e-type=\"container\">\n\t\t\t\t\t<div class=\"e-con-inner\">\n\t\t<div class=\"elementor-element elementor-element-e74b4d1 e-con-full e-flex e-con e-child\" data-id=\"e74b4d1\" data-element_type=\"container\" data-e-type=\"container\">\n\t\t\t\t<div class=\"elementor-element elementor-element-f5fa0d3 hazirend-animacio animated-slow uael-faq-box-layout-yes align-at-left elementor-invisible elementor-widget elementor-widget-uael-faq\" data-id=\"f5fa0d3\" data-element_type=\"widget\" data-e-type=\"widget\" data-settings=\"{&quot;_animation&quot;:&quot;slideInDown&quot;}\" data-widget_type=\"uael-faq.default\">\n\t\t\t\t<div class=\"elementor-widget-container\">\n\t\t\t\t\t\n\t\t\t<div id='uael-faq-wrapper-257' class=\"uael-faq-wrapper\">\n\t\t\t\t<div class=\"uael-faq-container uael-faq-layout-accordion\" data-layout=\"toggle\" >\n\t\t\t\t\t\t\t\t\t\t\t\t<div id=\"uael-accordion-19acad7\" class=\"uael-faq-accordion\" role=\"tablist\">\n\t\t\t\t\t\t\t\t<div class= \"uael-accordion-title\" aria-expanded=\"false\" role=\"tab\">\n\t\t\t\t\t\t\t\t\t<span class=\"uael-accordion-icon uael-accordion-icon-left\">\n\t\t\t\t\t\t\t\t\t\t<span class=\"uael-accordion-icon-closed\"><svg class=\"e-font-icon-svg e-fas-angle-right\" viewbox=\"0 0 256 512\" xmlns=\"http:\/\/www.w3.org\/2000\/svg\"><path d=\"M224.3 273l-136 136c-9.4 9.4-24.6 9.4-33.9 0l-22.6-22.6c-9.4-9.4-9.4-24.6 0-33.9l96.4-96.4-96.4-96.4c-9.4-9.4-9.4-24.6 0-33.9L54.3 103c9.4-9.4 24.6-9.4 33.9 0l136 136c9.5 9.4 9.5 24.6.1 34z\"><\/path><\/svg><\/span>\n\t\t\t\t\t\t\t\t\t\t<span class=\"uael-accordion-icon-opened\"><svg class=\"e-font-icon-svg e-fas-angle-up\" viewbox=\"0 0 320 512\" xmlns=\"http:\/\/www.w3.org\/2000\/svg\"><path d=\"M177 159.7l136 136c9.4 9.4 9.4 24.6 0 33.9l-22.6 22.6c-9.4 9.4-24.6 9.4-33.9 0L160 255.9l-96.4 96.4c-9.4 9.4-24.6 9.4-33.9 0L7 329.7c-9.4-9.4-9.4-24.6 0-33.9l136-136c9.4-9.5 24.6-9.5 34-.1z\"><\/path><\/svg><\/span>\n\t\t\t\t\t\t\t\t\t<\/span>\n\t\t\t\t\t\t\t\t\t<span class=\"uael-question-19acad7 uael-question-span\" tabindex=\"0\" id=\"uael-faq-1-69e2d9fa81ed6\">Hausregeln \u2013 Hier klicken \u25bc<\/span>\n\t\t\t\t\t\t\t\t<\/div>\n\t\t\t\t\t\t\t\t<div class=\"uael-accordion-content\" role=\"tabpanel\">\n\t\t\t\t\t\t\t\t\t<span>\n\t\t\t\t\t\t\t\t\t<span><ul><li><h1 data-section-id=\"9u9uox\" data-start=\"271\" data-end=\"283\">HAUSREGELN<\/h1><h3 data-section-id=\"nd1w6m\" data-start=\"284\" data-end=\"327\">Bitte lesen Sie dies, bevor Sie einen Termin buchen.<\/h3><p data-start=\"329\" data-end=\"478\">Um allen meinen G\u00e4sten Folgendes zu bieten <strong data-start=\"375\" data-end=\"419\">ein ruhiges, sicheres und qualitativ hochwertiges Erlebnis<\/strong> Ich kann Ihnen versichern, dass Sie Folgendes ber\u00fccksichtigen sollten.<\/p><hr data-start=\"480\" data-end=\"483\" \/><h1 data-section-id=\"1kl22d7\" data-start=\"485\" data-end=\"504\">Gesundheitszustand<\/h1><p data-start=\"506\" data-end=\"583\">Nur Massage <strong data-start=\"526\" data-end=\"557\">f\u00fcr gesunde G\u00e4ste<\/strong> Ich kann es bereitstellen.<\/p><p data-start=\"585\" data-end=\"749\">Wenn Sie Halsschmerzen, Schnupfen, Husten, Fieber oder allgemeines Unwohlsein haben, bitte, <strong data-start=\"719\" data-end=\"748\">Verschieben Sie Ihren Termin<\/strong>.<\/p><p data-start=\"751\" data-end=\"886\">F\u00fcr eine entspannende oder erfrischende Massage zum ersten Mal <strong data-start=\"809\" data-end=\"837\">Es wird eine Zustandsbewertung durchgef\u00fchrt.<\/strong>, was ungef\u00e4hr <strong data-start=\"856\" data-end=\"885\">Dauert 15\u201320 Minuten<\/strong>.<\/p><p data-start=\"888\" data-end=\"1034\">Bitte senden Sie uns den ausgef\u00fcllten Gesundheitsfragebogen zu. <strong data-start=\"923\" data-end=\"971\">Laden Sie es im Voraus herunter, f\u00fcllen Sie es aus und bringen Sie es mit.<\/strong>, Damit wir schneller zum Punkt kommen k\u00f6nnen, warum Sie sich in Behandlung begeben haben.<\/p><p data-start=\"1036\" data-end=\"1171\">Wenn w\u00e4hrend der Gesundheitsuntersuchung <strong data-start=\"1072\" data-end=\"1132\">Ich finde alles in Ordnung und es gibt keine Kontraindikationen.<\/strong>, Wir k\u00f6nnen nun mit der Massagebehandlung beginnen.<\/p><hr data-start=\"1264\" data-end=\"1267\" \/><h1 data-section-id=\"bfof7\" data-start=\"1269\" data-end=\"1298\">Behandlungsablauf, Kleidung<\/h1><p data-start=\"1300\" data-end=\"1363\">Massage ist ausschlie\u00dflich <strong data-start=\"1311\" data-end=\"1344\">mit nat\u00fcrlichen Pflanzen\u00f6len<\/strong> Dies geschieht beispielsweise:<\/p><ul data-start=\"1365\" data-end=\"1413\"><li data-section-id=\"1mfm1ym\" data-start=\"1365\" data-end=\"1381\">Traubenkern\u00f6l<\/li><li data-section-id=\"dbq7ex\" data-start=\"1382\" data-end=\"1395\">Rosen\u00f6l<\/li><li data-section-id=\"1kskwlk\" data-start=\"1396\" data-end=\"1413\">Lavendel\u00f6l<\/li><\/ul><p data-start=\"1415\" data-end=\"1676\">Auf Anfrage <strong data-start=\"1429\" data-end=\"1462\">\u00c4therische \u00d6le mit 100%-Reinheit<\/strong> kann auch erg\u00e4nzt werden, <strong data-start=\"1560\" data-end=\"1598\">mit hochwertiger Massagecreme<\/strong> erfolgt unter Ber\u00fccksichtigung der Behandlung, des Hauttyps und der individuellen Pr\u00e4ferenzen.<\/p><p data-start=\"1678\" data-end=\"1792\">Die Behandlungen in allen F\u00e4llen <strong data-start=\"1705\" data-end=\"1730\">Sie passieren in Unterw\u00e4sche<\/strong>, unter gr\u00f6\u00dftm\u00f6glicher Ber\u00fccksichtigung des Komforts des Gastes.<\/p><hr data-start=\"1794\" data-end=\"1797\" \/><h1 data-section-id=\"31mxmq\" data-start=\"1799\" data-end=\"1817\">Ankunft und Versp\u00e4tung<\/h1><p data-start=\"1819\" data-end=\"1893\">Bitte, <strong data-start=\"1827\" data-end=\"1846\">p\u00fcnktlich ankommen<\/strong>, h\u00f6chstens <strong data-start=\"1859\" data-end=\"1892\">10 Minuten vor Ihrem Termin<\/strong>.<\/p><p data-start=\"1895\" data-end=\"2087\">Im Salon <strong data-start=\"1907\" data-end=\"1929\">Es gibt keinen Warteraum<\/strong>, Daher ist es wichtig, dass die Entspannung des vorherigen Gastes nicht gest\u00f6rt wird und dass die notwendigen <strong data-start=\"2018\" data-end=\"2053\">Bel\u00fcftung und Desinfektion<\/strong> Ich kann es vollst\u00e4ndig abschlie\u00dfen.<\/p><p data-start=\"2089\" data-end=\"2181\">Behandlungsdauer im Falle einer Verz\u00f6gerung <strong data-start=\"2123\" data-end=\"2151\">verk\u00fcrzt sich mit der Verz\u00f6gerungszeit<\/strong>, bei unver\u00e4nderter Verg\u00fctung.<\/p><hr data-start=\"2183\" data-end=\"2186\" \/><h1 data-section-id=\"11p3sd0\" data-start=\"2188\" data-end=\"2217\">Stornierung und Nichterscheinen<\/h1><p data-start=\"2219\" data-end=\"2287\">Bitte stornieren Sie den Termin. <strong data-start=\"2248\" data-end=\"2286\">Bitte benachrichtigen Sie uns mindestens 24 Stunden im Voraus.<\/strong>.<\/p><p data-start=\"2289\" data-end=\"2402\">Im Falle einer Stornierung innerhalb von 24 Stunden wird ein neuer Termin vereinbart. <strong data-start=\"2343\" data-end=\"2387\">nach Zahlung der Verwaltungsgeb\u00fchr in H\u00f6he von 50%<\/strong> Es besteht eine M\u00f6glichkeit.<\/p><p data-start=\"2404\" data-end=\"2505\">Im Falle des Nichterscheinens wird nur ein neuer Termin vereinbart. <strong data-start=\"2443\" data-end=\"2496\">nach Zahlung der vollen Geb\u00fchr f\u00fcr die vers\u00e4umte Behandlung<\/strong> Auf Anfrage erh\u00e4ltlich.<\/p><p data-start=\"2507\" data-end=\"2581\"><strong data-start=\"2507\" data-end=\"2538\">Nach einem zweiten Fehlschlag<\/strong> Leider kann ich Ihnen keinen neuen Termin nennen.<\/p><p data-start=\"2583\" data-end=\"2691\">Falls etwas Unerwartetes passiert und Sie nicht kommen k\u00f6nnen, wenn m\u00f6glich <strong data-start=\"2654\" data-end=\"2690\">Schicke anstelle von dir selbst einen anderen Gast.<\/strong>.<\/p><hr data-start=\"2693\" data-end=\"2696\" \/><h1 data-section-id=\"hm3shy\" data-start=\"2698\" data-end=\"2726\">Terminbuchung und Bezahlung<\/h1><p data-start=\"2728\" data-end=\"2822\">Die Person, die einen Termin vereinbaren sollte, ist:, <strong data-start=\"2762\" data-end=\"2789\">wer zur Behandlung kommt<\/strong>, indem Sie Ihren Namen und Ihre Kontaktdaten angeben.<\/p><p data-start=\"2824\" data-end=\"2967\">F\u00fcr G\u00e4ste unter 18 Jahren kann die Reservierung von einem Elternteil oder Verwandten vorgenommen werden, jedoch w\u00e4hrend des Behandlungszeitraums. <strong data-start=\"2934\" data-end=\"2966\">Die Anwesenheit einer Begleitperson ist erforderlich<\/strong>.<\/p><h3 data-section-id=\"1jcwuyr\" data-start=\"2969\" data-end=\"2993\">Zahlungsoptionen<\/h3><ul data-start=\"2995\" data-end=\"3096\"><li data-section-id=\"wcmco7\" data-start=\"2995\" data-end=\"3038\">Online-Zahlung (Bankkarte, Google Pay)<\/li><li data-section-id=\"c3l3zd\" data-start=\"3039\" data-end=\"3096\">Barzahlung \u2013 bitte benachrichtigen Sie uns vorab telefonisch.<\/li><\/ul><p data-start=\"3098\" data-end=\"3142\">Bitte fordern Sie eine Rechnung mit ausgewiesener Mehrwertsteuer an. <strong data-start=\"3125\" data-end=\"3141\">vorhersagen<\/strong>.<\/p><hr data-start=\"3144\" data-end=\"3147\" \/><h1 data-section-id=\"1uwbepn\" data-start=\"3149\" data-end=\"3185\">Kontraindikationen<\/h1><p data-start=\"3187\" data-end=\"3294\">Massagen k\u00f6nnen bei bestimmten gesundheitlichen Beschwerden helfen. <strong data-start=\"3237\" data-end=\"3293\">Kann nicht durchgef\u00fchrt werden oder kann nur mit \u00e4rztlicher Genehmigung durchgef\u00fchrt werden<\/strong>.<\/p><p data-start=\"3296\" data-end=\"3327\">Die h\u00e4ufigsten Kontraindikationen:<\/p><ul data-start=\"3329\" data-end=\"3788\"><li data-section-id=\"1430l3a\" data-start=\"3329\" data-end=\"3346\">fiebriger Zustand<\/li><li data-section-id=\"1v5lsk5\" data-start=\"3347\" data-end=\"3369\">Infektionskrankheiten<\/li><li data-section-id=\"dgno5o\" data-start=\"3370\" data-end=\"3400\">akute Entz\u00fcndungszust\u00e4nde<\/li><li data-section-id=\"w3t2bk\" data-start=\"3401\" data-end=\"3439\">infekti\u00f6se Hautkrankheiten, offene Wunden<\/li><li data-section-id=\"5poarh\" data-start=\"3440\" data-end=\"3453\">Thrombose<\/li><li data-section-id=\"wll89m\" data-start=\"3454\" data-end=\"3480\">schwere Krampfadern<\/li><li data-section-id=\"1tkujrj\" data-start=\"3481\" data-end=\"3520\">schwerwiegende Herz-Kreislauf-Probleme<\/li><li data-section-id=\"1pnja1g\" data-start=\"3521\" data-end=\"3551\">unbehandelter Bluthochdruck<\/li><li data-section-id=\"eqk7ud\" data-start=\"3552\" data-end=\"3594\">b\u00f6sartige Tumore<\/li><li data-section-id=\"1voyrru\" data-start=\"3595\" data-end=\"3618\">Blutgerinnungsst\u00f6rungen<\/li><li data-section-id=\"f5a8a3\" data-start=\"3619\" data-end=\"3647\">k\u00fcrzlich erfolgte Operation oder Verletzung<\/li><li data-section-id=\"sw0o93\" data-start=\"3648\" data-end=\"3662\">Knochenbruch<\/li><li data-section-id=\"btlvb6\" data-start=\"3663\" data-end=\"3694\">fortgeschrittene Osteoporose<\/li><li data-section-id=\"7m2bv3\" data-start=\"3695\" data-end=\"3730\">schwere Erkrankungen des Nervensystems<\/li><li data-section-id=\"j1rdb\" data-start=\"3731\" data-end=\"3788\">unter dem Einfluss von Alkohol oder bewusstseinsver\u00e4ndernden Drogen stehen<\/li><li data-section-id=\"j1rdb\" data-start=\"3731\" data-end=\"3788\"><p data-start=\"1394\" data-end=\"1417\"><strong data-start=\"1394\" data-end=\"1417\">Im Falle einer Schwangerschaft:<\/strong><\/p><ul data-start=\"1419\" data-end=\"1636\"><li data-section-id=\"qe2657\" data-start=\"1419\" data-end=\"1507\">a <strong data-start=\"1423\" data-end=\"1470\">w\u00e4hrend des ersten Trimesters der Schwangerschaft (erste 12 Wochen)<\/strong> Eine traditionelle Massage kann nicht durchgef\u00fchrt werden<\/li><li data-section-id=\"1sg7pmv\" data-start=\"1508\" data-end=\"1636\">a <strong data-start=\"1512\" data-end=\"1565\">im sp\u00e4ten Stadium der Schwangerschaft (drittes Trimester)<\/strong> Nur eine spezielle Schwangerschaftsmassage kann mit der richtigen Technik durchgef\u00fchrt werden.<\/li><\/ul><\/li><\/ul><p data-start=\"3790\" data-end=\"3904\">Wenn Sie sich nicht sicher sind, ob die Massage <strong data-start=\"3841\" data-end=\"3872\">Ist das gefahrlos m\u00f6glich?<\/strong>, Bitte geben Sie dies vor der Buchung an.<\/p><hr data-start=\"3906\" data-end=\"3909\" \/><h1 data-section-id=\"g36s28\" data-start=\"3911\" data-end=\"3936\">Weitere wichtige Informationen<\/h1><p data-start=\"3938\" data-end=\"4006\">Der Gast ist verpflichtet, das Formular zur Zustandsbewertung auszuf\u00fcllen. <strong data-start=\"3979\" data-end=\"4005\">um echte Daten bereitzustellen<\/strong>.<\/p><p data-start=\"4008\" data-end=\"4145\">F\u00fcr jegliche Folgen, die sich aus der Behandlung im Falle einer versteckten Krankheit oder eines medizinischen Zustands ergeben. <strong data-start=\"4107\" data-end=\"4144\">Der Masseur \u00fcbernimmt keine Verantwortung<\/strong>.<\/p><p data-start=\"4147\" data-end=\"4324\">Vielen Dank f\u00fcr Ihr Verst\u00e4ndnis und Ihre Kooperation.<br data-start=\"4195\" data-end=\"4198\" \/>Diese Regeln dienen alle dazu, sicherzustellen, dass die mit mir verbrachte Zeit <strong data-start=\"4261\" data-end=\"4320\">Ich w\u00fcnsche Ihnen eine friedliche, sichere und erf\u00fcllende Erfahrung.<\/strong>. \ud83d\udc9a<\/p><\/li><\/ul><\/span>\t\t\t\t\t\t\t\t\t<\/span>\n\t\t\t\t\t\t\t\t<\/div>\n\t\t\t\t\t\t\t<\/div>\n\t\t\t\t\t\t\t\t\t\t\t<\/div>\n\t\t\t<\/div>\n\t\t\t\t\t\t\t<\/div>\n\t\t\t\t<\/div>\n\t\t\t\t<div class=\"elementor-element elementor-element-0a2f5a9 elementor-widget elementor-widget-spacer\" data-id=\"0a2f5a9\" data-element_type=\"widget\" data-e-type=\"widget\" data-widget_type=\"spacer.default\">\n\t\t\t\t\t\t\t<div class=\"elementor-spacer\">\n\t\t\t<div class=\"elementor-spacer-inner\"><\/div>\n\t\t<\/div>\n\t\t\t\t\t\t<\/div>\n\t\t\t\t<\/div>\n\t\t\t\t\t<\/div>\n\t\t\t\t<\/div>\n\t\t<div class=\"elementor-element elementor-element-5e9a577 e-flex e-con-boxed e-con e-parent\" data-id=\"5e9a577\" data-element_type=\"container\" data-e-type=\"container\">\n\t\t\t\t\t<div class=\"e-con-inner\">\n\t\t\t\t<div class=\"elementor-element elementor-element-7499c05 elementor-widget elementor-widget-heading\" data-id=\"7499c05\" data-element_type=\"widget\" data-e-type=\"widget\" data-widget_type=\"heading.default\">\n\t\t\t\t\t<h2 class=\"elementor-heading-title elementor-size-default\">Fragebogen zur Statusbewertung<\/h2>\t\t\t\t<\/div>\n\t\t\t\t<div class=\"elementor-element elementor-element-6c8e290 elementor-widget elementor-widget-text-editor\" data-id=\"6c8e290\" data-element_type=\"widget\" data-e-type=\"widget\" data-widget_type=\"text-editor.default\">\n\t\t\t\t\t\t\t\t\t<p data-start=\"1187\" data-end=\"1294\">Um die Sicherheit der Behandlungen f\u00fcr alle G\u00e4ste zu gew\u00e4hrleisten <strong data-start=\"1242\" data-end=\"1293\">Vor der ersten Behandlung ist eine Zustandsbeurteilung erforderlich.<\/strong>.<\/p><p data-start=\"1296\" data-end=\"1382\">Bitte laden Sie den Gesundheitsfragebogen herunter, f\u00fcllen Sie ihn aus und bringen Sie ihn zu Ihrer Behandlung mit.<\/p><p data-start=\"1384\" data-end=\"1419\">\u2b07 Laden Sie es herunter und bringen Sie es zu Ihrer ersten Behandlung mit.<\/p>\t\t\t\t\t\t\t\t<\/div>\n\t\t\t\t<div class=\"elementor-element elementor-element-edaed94 elementor-widget elementor-widget-html\" data-id=\"edaed94\" data-element_type=\"widget\" data-e-type=\"widget\" data-widget_type=\"html.default\">\n\t\t\t\t\t<a href=\"https:\/\/neomasszazs.hu\/wp-content\/uploads\/2026\/04\/NEO_bodymind_final.pdf\" \r\n   class=\"neon-letoltes\" \r\n   target=\"_blank\" \r\n   download>\r\n\ud83d\udcc4 Statusbericht herunterladen\r\n<\/a>\t\t\t\t<\/div>\n\t\t\t\t\t<\/div>\n\t\t\t\t<\/div>\n\t\t\t\t<\/div>","protected":false},"excerpt":{"rendered":"<p>H\u00e1zirend \u2013 Kattints ide \u25bc H\u00c1ZIREND K\u00e9rlek, olvasd el id\u0151pontfoglal\u00e1s el\u0151tt Annak \u00e9rdek\u00e9ben, hogy minden vend\u00e9gem sz\u00e1m\u00e1ra nyugodt, biztons\u00e1gos \u00e9s min\u0151s\u00e9gi \u00e9lm\u00e9nyt tudjak biztos\u00edtani, k\u00e9rlek, az al\u00e1bbiakat vedd figyelembe. Eg\u00e9szs\u00e9gi \u00e1llapot Massz\u00e1zst kiz\u00e1r\u00f3lag eg\u00e9szs\u00e9ges vend\u00e9gek sz\u00e1m\u00e1ra \u00e1ll m\u00f3domban biztos\u00edtani. Ha torokf\u00e1j\u00e1sod van, folyik az orrod, k\u00f6h\u00f6gsz, l\u00e1zas vagy, h\u0151emelked\u00e9sed van, illetve \u00e1ltal\u00e1nos rossz k\u00f6z\u00e9rzetet tapasztalsz, [&hellip;]<\/p>\n","protected":false},"author":1,"featured_media":0,"parent":0,"menu_order":0,"comment_status":"closed","ping_status":"closed","template":"","meta":{"footnotes":""},"class_list":["post-2233","page","type-page","status-publish","hentry"],"yoast_head":"<!-- This site is optimized with the Yoast SEO Premium plugin v27.3 (Yoast SEO v27.3) - https:\/\/yoast.com\/product\/yoast-seo-premium-wordpress\/ -->\n<title>H\u00e1zirend | Massz\u00e1zs Sz\u00e9kesfeh\u00e9rv\u00e1r \u2013 Neo Massz\u00e1zs<\/title>\n<meta name=\"description\" content=\"Stresszold\u00f3 massz\u00e1zs Sz\u00e9kesfeh\u00e9rv\u00e1ron. Sv\u00e9d massz\u00e1zs, l\u00e1vak\u00f6ves kezel\u00e9s \u00e9s teljes felt\u00f6lt\u0151d\u00e9s. Foglalj id\u0151pontot a Neo Massz\u00e1zsn\u00e1l m\u00e9g ma!\" \/>\n<meta name=\"robots\" content=\"index, follow, max-snippet:-1, max-image-preview:large, max-video-preview:-1\" \/>\n<link rel=\"canonical\" href=\"https:\/\/neomasszazs.hu\/de\/hazirend\/\" \/>\n<meta property=\"og:locale\" content=\"de_DE\" \/>\n<meta property=\"og:type\" content=\"article\" \/>\n<meta property=\"og:title\" content=\"Massz\u00e1zs Sz\u00e9kesfeh\u00e9rv\u00e1ron \u2013 Id\u0151pontfoglal\u00e1s | Neo Massz\u00e1zs\" \/>\n<meta property=\"og:description\" content=\"Stresszes vagy? Foglalj id\u0151pontot massz\u00e1zsra Sz\u00e9kesfeh\u00e9rv\u00e1ron! Sv\u00e9d massz\u00e1zs, l\u00e1vak\u00f6ves kezel\u00e9s \u00e9s teljes felt\u00f6lt\u0151d\u00e9s v\u00e1r r\u00e1d.\" \/>\n<meta property=\"og:url\" content=\"https:\/\/neomasszazs.hu\/de\/hazirend\/\" \/>\n<meta property=\"og:site_name\" content=\"Neo Massz\u00e1zs\" \/>\n<meta property=\"article:publisher\" content=\"https:\/\/www.facebook.com\/profile.php?id=61578448436189\" \/>\n<meta property=\"article:modified_time\" content=\"2026-04-17T18:41:56+00:00\" \/>\n<meta property=\"og:image\" content=\"https:\/\/neomasszazs.hu\/wp-content\/uploads\/2026\/01\/3132.jpg\" \/>\n\t<meta property=\"og:image:width\" content=\"2000\" \/>\n\t<meta property=\"og:image:height\" content=\"1333\" \/>\n\t<meta property=\"og:image:type\" content=\"image\/jpeg\" \/>\n<meta name=\"twitter:card\" content=\"summary_large_image\" \/>\n<meta name=\"twitter:label1\" content=\"Gesch\u00e4tzte Lesezeit\" \/>\n\t<meta name=\"twitter:data1\" content=\"3 Minuten\" \/>\n<script type=\"application\/ld+json\" class=\"yoast-schema-graph\">{\"@context\":\"https:\\\/\\\/schema.org\",\"@graph\":[{\"@type\":\"WebPage\",\"@id\":\"https:\\\/\\\/neomasszazs.hu\\\/hazirend\\\/\",\"url\":\"https:\\\/\\\/neomasszazs.hu\\\/hazirend\\\/\",\"name\":\"H\u00e1zirend | Massz\u00e1zs Sz\u00e9kesfeh\u00e9rv\u00e1r \u2013 Neo Massz\u00e1zs\",\"isPartOf\":{\"@id\":\"https:\\\/\\\/neomasszazs.hu\\\/#website\"},\"datePublished\":\"2026-04-06T21:43:13+00:00\",\"dateModified\":\"2026-04-17T18:41:56+00:00\",\"description\":\"Stresszold\u00f3 massz\u00e1zs Sz\u00e9kesfeh\u00e9rv\u00e1ron. Sv\u00e9d massz\u00e1zs, l\u00e1vak\u00f6ves kezel\u00e9s \u00e9s teljes felt\u00f6lt\u0151d\u00e9s. Foglalj id\u0151pontot a Neo Massz\u00e1zsn\u00e1l m\u00e9g ma!\",\"breadcrumb\":{\"@id\":\"https:\\\/\\\/neomasszazs.hu\\\/hazirend\\\/#breadcrumb\"},\"inLanguage\":\"de-AT\",\"potentialAction\":[{\"@type\":\"ReadAction\",\"target\":[\"https:\\\/\\\/neomasszazs.hu\\\/hazirend\\\/\"]}]},{\"@type\":\"BreadcrumbList\",\"@id\":\"https:\\\/\\\/neomasszazs.hu\\\/hazirend\\\/#breadcrumb\",\"itemListElement\":[{\"@type\":\"ListItem\",\"position\":1,\"name\":\"Home\",\"item\":\"https:\\\/\\\/neomasszazs.hu\\\/\"},{\"@type\":\"ListItem\",\"position\":2,\"name\":\"H\u00e1zirend\"}]},{\"@type\":\"WebSite\",\"@id\":\"https:\\\/\\\/neomasszazs.hu\\\/#website\",\"url\":\"https:\\\/\\\/neomasszazs.hu\\\/\",\"name\":\"NeoMassz\u00e1zs\",\"description\":\"L\u00e9pj ki a m\u00e1trixb\u00f3l!\",\"publisher\":{\"@id\":\"https:\\\/\\\/neomasszazs.hu\\\/#organization\"},\"potentialAction\":[{\"@type\":\"SearchAction\",\"target\":{\"@type\":\"EntryPoint\",\"urlTemplate\":\"https:\\\/\\\/neomasszazs.hu\\\/?s={search_term_string}\"},\"query-input\":{\"@type\":\"PropertyValueSpecification\",\"valueRequired\":true,\"valueName\":\"search_term_string\"}}],\"inLanguage\":\"de-AT\"},{\"@type\":\"Organization\",\"@id\":\"https:\\\/\\\/neomasszazs.hu\\\/#organization\",\"name\":\"NeoMassz\u00e1zs\",\"url\":\"https:\\\/\\\/neomasszazs.hu\\\/\",\"logo\":{\"@type\":\"ImageObject\",\"inLanguage\":\"de-AT\",\"@id\":\"https:\\\/\\\/neomasszazs.hu\\\/#\\\/schema\\\/logo\\\/image\\\/\",\"url\":\"https:\\\/\\\/neomasszazs.hu\\\/wp-content\\\/uploads\\\/2026\\\/03\\\/cropped-cropped-logo-uj.png\",\"contentUrl\":\"https:\\\/\\\/neomasszazs.hu\\\/wp-content\\\/uploads\\\/2026\\\/03\\\/cropped-cropped-logo-uj.png\",\"width\":511,\"height\":448,\"caption\":\"NeoMassz\u00e1zs\"},\"image\":{\"@id\":\"https:\\\/\\\/neomasszazs.hu\\\/#\\\/schema\\\/logo\\\/image\\\/\"},\"sameAs\":[\"https:\\\/\\\/www.facebook.com\\\/profile.php?id=61578448436189\"]}]}<\/script>\n<!-- \/ Yoast SEO Premium plugin. -->","yoast_head_json":{"title":"H\u00e1zirend | Massz\u00e1zs Sz\u00e9kesfeh\u00e9rv\u00e1r \u2013 Neo Massz\u00e1zs","description":"Stresszold\u00f3 massz\u00e1zs Sz\u00e9kesfeh\u00e9rv\u00e1ron. Sv\u00e9d massz\u00e1zs, l\u00e1vak\u00f6ves kezel\u00e9s \u00e9s teljes felt\u00f6lt\u0151d\u00e9s. Foglalj id\u0151pontot a Neo Massz\u00e1zsn\u00e1l m\u00e9g ma!","robots":{"index":"index","follow":"follow","max-snippet":"max-snippet:-1","max-image-preview":"max-image-preview:large","max-video-preview":"max-video-preview:-1"},"canonical":"https:\/\/neomasszazs.hu\/de\/hazirend\/","og_locale":"de_DE","og_type":"article","og_title":"Massz\u00e1zs Sz\u00e9kesfeh\u00e9rv\u00e1ron \u2013 Id\u0151pontfoglal\u00e1s | Neo Massz\u00e1zs","og_description":"Stresszes vagy? Foglalj id\u0151pontot massz\u00e1zsra Sz\u00e9kesfeh\u00e9rv\u00e1ron! Sv\u00e9d massz\u00e1zs, l\u00e1vak\u00f6ves kezel\u00e9s \u00e9s teljes felt\u00f6lt\u0151d\u00e9s v\u00e1r r\u00e1d.","og_url":"https:\/\/neomasszazs.hu\/de\/hazirend\/","og_site_name":"Neo Massz\u00e1zs","article_publisher":"https:\/\/www.facebook.com\/profile.php?id=61578448436189","article_modified_time":"2026-04-17T18:41:56+00:00","og_image":[{"width":2000,"height":1333,"url":"https:\/\/neomasszazs.hu\/wp-content\/uploads\/2026\/01\/3132.jpg","type":"image\/jpeg"}],"twitter_card":"summary_large_image","twitter_misc":{"Gesch\u00e4tzte Lesezeit":"3 Minuten"},"schema":{"@context":"https:\/\/schema.org","@graph":[{"@type":"WebPage","@id":"https:\/\/neomasszazs.hu\/hazirend\/","url":"https:\/\/neomasszazs.hu\/hazirend\/","name":"H\u00e1zirend | Massz\u00e1zs Sz\u00e9kesfeh\u00e9rv\u00e1r \u2013 Neo Massz\u00e1zs","isPartOf":{"@id":"https:\/\/neomasszazs.hu\/#website"},"datePublished":"2026-04-06T21:43:13+00:00","dateModified":"2026-04-17T18:41:56+00:00","description":"Stresszold\u00f3 massz\u00e1zs Sz\u00e9kesfeh\u00e9rv\u00e1ron. Sv\u00e9d massz\u00e1zs, l\u00e1vak\u00f6ves kezel\u00e9s \u00e9s teljes felt\u00f6lt\u0151d\u00e9s. Foglalj id\u0151pontot a Neo Massz\u00e1zsn\u00e1l m\u00e9g ma!","breadcrumb":{"@id":"https:\/\/neomasszazs.hu\/hazirend\/#breadcrumb"},"inLanguage":"de-AT","potentialAction":[{"@type":"ReadAction","target":["https:\/\/neomasszazs.hu\/hazirend\/"]}]},{"@type":"BreadcrumbList","@id":"https:\/\/neomasszazs.hu\/hazirend\/#breadcrumb","itemListElement":[{"@type":"ListItem","position":1,"name":"Home","item":"https:\/\/neomasszazs.hu\/"},{"@type":"ListItem","position":2,"name":"H\u00e1zirend"}]},{"@type":"WebSite","@id":"https:\/\/neomasszazs.hu\/#website","url":"https:\/\/neomasszazs.hu\/","name":"NeoMassz\u00e1zs","description":"L\u00e9pj ki a m\u00e1trixb\u00f3l!","publisher":{"@id":"https:\/\/neomasszazs.hu\/#organization"},"potentialAction":[{"@type":"SearchAction","target":{"@type":"EntryPoint","urlTemplate":"https:\/\/neomasszazs.hu\/?s={search_term_string}"},"query-input":{"@type":"PropertyValueSpecification","valueRequired":true,"valueName":"search_term_string"}}],"inLanguage":"de-AT"},{"@type":"Organization","@id":"https:\/\/neomasszazs.hu\/#organization","name":"NeoMassz\u00e1zs","url":"https:\/\/neomasszazs.hu\/","logo":{"@type":"ImageObject","inLanguage":"de-AT","@id":"https:\/\/neomasszazs.hu\/#\/schema\/logo\/image\/","url":"https:\/\/neomasszazs.hu\/wp-content\/uploads\/2026\/03\/cropped-cropped-logo-uj.png","contentUrl":"https:\/\/neomasszazs.hu\/wp-content\/uploads\/2026\/03\/cropped-cropped-logo-uj.png","width":511,"height":448,"caption":"NeoMassz\u00e1zs"},"image":{"@id":"https:\/\/neomasszazs.hu\/#\/schema\/logo\/image\/"},"sameAs":["https:\/\/www.facebook.com\/profile.php?id=61578448436189"]}]}},"_links":{"self":[{"href":"https:\/\/neomasszazs.hu\/de\/wp-json\/wp\/v2\/pages\/2233","targetHints":{"allow":["GET"]}}],"collection":[{"href":"https:\/\/neomasszazs.hu\/de\/wp-json\/wp\/v2\/pages"}],"about":[{"href":"https:\/\/neomasszazs.hu\/de\/wp-json\/wp\/v2\/types\/page"}],"author":[{"embeddable":true,"href":"https:\/\/neomasszazs.hu\/de\/wp-json\/wp\/v2\/users\/1"}],"replies":[{"embeddable":true,"href":"https:\/\/neomasszazs.hu\/de\/wp-json\/wp\/v2\/comments?post=2233"}],"version-history":[{"count":79,"href":"https:\/\/neomasszazs.hu\/de\/wp-json\/wp\/v2\/pages\/2233\/revisions"}],"predecessor-version":[{"id":2955,"href":"https:\/\/neomasszazs.hu\/de\/wp-json\/wp\/v2\/pages\/2233\/revisions\/2955"}],"wp:attachment":[{"href":"https:\/\/neomasszazs.hu\/de\/wp-json\/wp\/v2\/media?parent=2233"}],"curies":[{"name":"wp","href":"https:\/\/api.w.org\/{rel}","templated":true}]}}